{"id":933,"date":"2019-12-02T19:10:50","date_gmt":"2019-12-02T19:10:50","guid":{"rendered":"http:\/\/die-mobile-nachhilfe.ch\/?page_id=933"},"modified":"2019-12-02T19:10:50","modified_gmt":"2019-12-02T19:10:50","slug":"links","status":"publish","type":"page","link":"https:\/\/die-mobile-nachhilfe.ch\/?page_id=933","title":{"rendered":"Links"},"content":{"rendered":"\n<p>Falls Sie neben einem Lerncoaching auch eine psychologische Beratung\/Unterst\u00fctzung suchen, empfehle ich Ihnen die Praxis Laulima (Z\u00fcrich Binz) und ihre drei sehr engagierten und feinf\u00fchligen Mitarbeiterinnen.<\/p>\n\n\n\n<p><a href=\"https:\/\/www.praxis-laulima.ch\">https:\/\/www.praxis-laulima.ch<\/a><\/p>\n","protected":false},"excerpt":{"rendered":"<p>Falls Sie neben einem Lerncoaching auch eine psychologische Beratung\/Unterst\u00fctzung suchen, empfehle ich Ihnen die Praxis Laulima (Z\u00fcrich Binz) und ihre drei sehr engagierten und feinf\u00fchligen Mitarbeiterinnen. https:\/\/www.praxis-laulima.ch<\/p>\n","protected":false},"author":1,"featured_media":0,"parent":0,"menu_order":0,"comment_status":"closed","ping_status":"closed","template":"","meta":{"footnotes":""},"class_list":["post-933","page","type-page","status-publish","hentry"],"_links":{"self":[{"href":"https:\/\/die-mobile-nachhilfe.ch\/index.php?rest_route=\/wp\/v2\/pages\/933","targetHints":{"allow":["GET"]}}],"collection":[{"href":"https:\/\/die-mobile-nachhilfe.ch\/index.php?rest_route=\/wp\/v2\/pages"}],"about":[{"href":"https:\/\/die-mobile-nachhilfe.ch\/index.php?rest_route=\/wp\/v2\/types\/page"}],"author":[{"embeddable":true,"href":"https:\/\/die-mobile-nachhilfe.ch\/index.php?rest_route=\/wp\/v2\/users\/1"}],"replies":[{"embeddable":true,"href":"https:\/\/die-mobile-nachhilfe.ch\/index.php?rest_route=%2Fwp%2Fv2%2Fcomments&post=933"}],"version-history":[{"count":1,"href":"https:\/\/die-mobile-nachhilfe.ch\/index.php?rest_route=\/wp\/v2\/pages\/933\/revisions"}],"predecessor-version":[{"id":935,"href":"https:\/\/die-mobile-nachhilfe.ch\/index.php?rest_route=\/wp\/v2\/pages\/933\/revisions\/935"}],"wp:attachment":[{"href":"https:\/\/die-mobile-nachhilfe.ch\/index.php?rest_route=%2Fwp%2Fv2%2Fmedia&parent=933"}],"curies":[{"name":"wp","href":"https:\/\/api.w.org\/{rel}","templated":true}]}}