{"id":8,"date":"2018-06-12T14:53:52","date_gmt":"2018-06-12T14:53:52","guid":{"rendered":"http:\/\/die-mobile-nachhilfe.ch\/?page_id=8"},"modified":"2024-02-08T15:57:36","modified_gmt":"2024-02-08T15:57:36","slug":"startseite","status":"publish","type":"page","link":"https:\/\/die-mobile-nachhilfe.ch\/","title":{"rendered":""},"content":{"rendered":"\n<p class=\"has-text-color\" style=\"color:#1d00d1;font-size:32px\"><strong>Lerncoaching &#8211; Hilfe bei Rechenschwierigkeiten\/Dyskalkulie  &#8211;  Gymivorbereitung &#8211; Elternberatung <\/strong><\/p>\n\n\n\n<p class=\"has-very-dark-gray-color has-text-color\" style=\"font-size:18px\"><strong>Alles im <em>geheizten\/klimatisierten<\/em> VW-Bus, mit heller <em>Innenbeleuchtung<\/em>, bei Ihnen vor Ort, oder via Skype <a href=\"https:\/\/youtu.be\/nMZjsc97cOY\">(f\u00fcr eine Videoerkl\u00e4rung bitte hier klicken)<\/a> durch erfahrene Lehrerin, Lerncoach<\/strong> <strong>und Therapeutin f\u00fcr Dyskalkulie<\/strong> <strong>(Rechenschw\u00e4che).<\/strong><\/p>\n\n\n\n<p style=\"font-size:18px\"><strong>F\u00fcr die Kinder\/ Jugendlichen und Erwachsenen eine motivierende Lernumgebung &#8211; F\u00fcr Sie eine Ersparnis an Weg und Zeit.<\/strong><\/p>\n\n\n\n<p><\/p>\n\n\n\n<figure class=\"wp-block-gallery has-nested-images columns-default is-cropped wp-block-gallery-1 is-layout-flex wp-block-gallery-is-layout-flex\">\n<figure class=\"wp-block-image size-large\"><img loading=\"lazy\" decoding=\"async\" width=\"1024\" height=\"683\" data-id=\"810\" src=\"https:\/\/die-mobile-nachhilfe.ch\/wp-content\/uploads\/2019\/06\/IMG_0178-1024x683.jpg\" alt=\"\" class=\"wp-image-810\" srcset=\"https:\/\/die-mobile-nachhilfe.ch\/wp-content\/uploads\/2019\/06\/IMG_0178-1024x683.jpg 1024w, https:\/\/die-mobile-nachhilfe.ch\/wp-content\/uploads\/2019\/06\/IMG_0178-300x200.jpg 300w, https:\/\/die-mobile-nachhilfe.ch\/wp-content\/uploads\/2019\/06\/IMG_0178-768x512.jpg 768w, https:\/\/die-mobile-nachhilfe.ch\/wp-content\/uploads\/2019\/06\/IMG_0178-624x416.jpg 624w\" sizes=\"auto, (max-width: 1024px) 100vw, 1024px\" \/><\/figure>\n\n\n\n<figure class=\"wp-block-image size-large\"><img loading=\"lazy\" decoding=\"async\" width=\"1024\" height=\"683\" data-id=\"833\" src=\"https:\/\/die-mobile-nachhilfe.ch\/wp-content\/uploads\/2019\/10\/IMG_0078-Kopie-1024x683.jpg\" alt=\"\" class=\"wp-image-833\" srcset=\"https:\/\/die-mobile-nachhilfe.ch\/wp-content\/uploads\/2019\/10\/IMG_0078-Kopie-1024x683.jpg 1024w, https:\/\/die-mobile-nachhilfe.ch\/wp-content\/uploads\/2019\/10\/IMG_0078-Kopie-300x200.jpg 300w, https:\/\/die-mobile-nachhilfe.ch\/wp-content\/uploads\/2019\/10\/IMG_0078-Kopie-768x512.jpg 768w, https:\/\/die-mobile-nachhilfe.ch\/wp-content\/uploads\/2019\/10\/IMG_0078-Kopie-624x416.jpg 624w\" sizes=\"auto, (max-width: 1024px) 100vw, 1024px\" \/><\/figure>\n\n\n\n<figure class=\"wp-block-image size-large\"><img loading=\"lazy\" decoding=\"async\" width=\"1024\" height=\"683\" data-id=\"835\" src=\"https:\/\/die-mobile-nachhilfe.ch\/wp-content\/uploads\/2019\/10\/Coaching-Elternberatung-Nachhilfe-1024x683.jpg\" alt=\"\" class=\"wp-image-835\" srcset=\"https:\/\/die-mobile-nachhilfe.ch\/wp-content\/uploads\/2019\/10\/Coaching-Elternberatung-Nachhilfe-1024x683.jpg 1024w, https:\/\/die-mobile-nachhilfe.ch\/wp-content\/uploads\/2019\/10\/Coaching-Elternberatung-Nachhilfe-300x200.jpg 300w, https:\/\/die-mobile-nachhilfe.ch\/wp-content\/uploads\/2019\/10\/Coaching-Elternberatung-Nachhilfe-768x512.jpg 768w, https:\/\/die-mobile-nachhilfe.ch\/wp-content\/uploads\/2019\/10\/Coaching-Elternberatung-Nachhilfe-624x416.jpg 624w\" sizes=\"auto, (max-width: 1024px) 100vw, 1024px\" \/><\/figure>\n<\/figure>\n\n\n\n<p class=\"has-text-align-left\" style=\"font-size:18px\"><\/p>\n\n\n\n<p style=\"font-size:18px\"><strong>Lernerfolg ist ein Zusammenspiel aus Aufarbeiten von Wissensl\u00fccken, Elternberatung, Lerncoaching und Lerntechniken. <\/strong><\/p>\n\n\n\n<p style=\"font-size:18px\"><strong>Mit diesem nachhaltigen Ansatz gen\u00fcgen f\u00fcrs &#8222;Lernen zu lernen&#8220; im Schnitt 3 bis 8 Lektionen um einen grossen Schritt voranzukommen.<\/strong> <strong>Bei inhaltlichen Defiziten und bei einer Rechenschw\u00e4che dauert ein seri\u00f6ses Aufarbeiten meistens l\u00e4nger<\/strong>.<\/p>\n\n\n\n<div style=\"height:32px\" aria-hidden=\"true\" class=\"wp-block-spacer\"><\/div>\n\n\n\n<div class=\"wp-block-columns has-2-columns is-layout-flex wp-container-core-columns-is-layout-9d6595d7 wp-block-columns-is-layout-flex\">\n<div class=\"wp-block-column is-layout-flow wp-block-column-is-layout-flow\">\n<figure class=\"wp-block-image size-large\"><a href=\"https:\/\/die-mobile-nachhilfe.ch\/?page_id=350\"><img loading=\"lazy\" decoding=\"async\" width=\"567\" height=\"130\" src=\"https:\/\/die-mobile-nachhilfe.ch\/wp-content\/uploads\/2020\/09\/Wissensl\u00fccken.png\" alt=\"\" class=\"wp-image-1061\" srcset=\"https:\/\/die-mobile-nachhilfe.ch\/wp-content\/uploads\/2020\/09\/Wissensl\u00fccken.png 567w, https:\/\/die-mobile-nachhilfe.ch\/wp-content\/uploads\/2020\/09\/Wissensl\u00fccken-300x69.png 300w\" sizes=\"auto, (max-width: 567px) 100vw, 567px\" \/><\/a><\/figure>\n<\/div>\n\n\n\n<div class=\"wp-block-column is-layout-flow wp-block-column-is-layout-flow\">\n<figure class=\"wp-block-image\"><a href=\"https:\/\/die-mobile-nachhilfe.ch\/?page_id=356\"><img loading=\"lazy\" decoding=\"async\" width=\"567\" height=\"130\" src=\"https:\/\/die-mobile-nachhilfe.ch\/wp-content\/uploads\/2019\/11\/Gymivorbereitung.jpg\" alt=\"Gymivorbereitung\" class=\"wp-image-858\" srcset=\"https:\/\/die-mobile-nachhilfe.ch\/wp-content\/uploads\/2019\/11\/Gymivorbereitung.jpg 567w, https:\/\/die-mobile-nachhilfe.ch\/wp-content\/uploads\/2019\/11\/Gymivorbereitung-300x69.jpg 300w\" sizes=\"auto, (max-width: 567px) 100vw, 567px\" \/><\/a><\/figure>\n<\/div>\n<\/div>\n\n\n\n<div class=\"wp-block-columns has-2-columns is-layout-flex wp-container-core-columns-is-layout-9d6595d7 wp-block-columns-is-layout-flex\">\n<div class=\"wp-block-column is-layout-flow wp-block-column-is-layout-flow\">\n<figure class=\"wp-block-image\"><a href=\"https:\/\/die-mobile-nachhilfe.ch\/?page_id=333\"><img loading=\"lazy\" decoding=\"async\" width=\"567\" height=\"130\" src=\"https:\/\/die-mobile-nachhilfe.ch\/wp-content\/uploads\/2019\/11\/Lerncoaching.jpg\" alt=\"Lerncoaching\" class=\"wp-image-860\" srcset=\"https:\/\/die-mobile-nachhilfe.ch\/wp-content\/uploads\/2019\/11\/Lerncoaching.jpg 567w, https:\/\/die-mobile-nachhilfe.ch\/wp-content\/uploads\/2019\/11\/Lerncoaching-300x69.jpg 300w\" sizes=\"auto, (max-width: 567px) 100vw, 567px\" \/><\/a><\/figure>\n<\/div>\n\n\n\n<div class=\"wp-block-column is-layout-flow wp-block-column-is-layout-flow\">\n<figure class=\"wp-block-image\"><a href=\"https:\/\/die-mobile-nachhilfe.ch\/?page_id=297\"><img loading=\"lazy\" decoding=\"async\" width=\"567\" height=\"130\" src=\"https:\/\/die-mobile-nachhilfe.ch\/wp-content\/uploads\/2019\/11\/Elternberatung.jpg\" alt=\"Elternberatung\" class=\"wp-image-863\" srcset=\"https:\/\/die-mobile-nachhilfe.ch\/wp-content\/uploads\/2019\/11\/Elternberatung.jpg 567w, https:\/\/die-mobile-nachhilfe.ch\/wp-content\/uploads\/2019\/11\/Elternberatung-300x69.jpg 300w\" sizes=\"auto, (max-width: 567px) 100vw, 567px\" \/><\/a><\/figure>\n<\/div>\n<\/div>\n\n\n\n<div class=\"wp-block-columns has-2-columns is-layout-flex wp-container-core-columns-is-layout-9d6595d7 wp-block-columns-is-layout-flex\">\n<div class=\"wp-block-column is-layout-flow wp-block-column-is-layout-flow\">\n<figure class=\"wp-block-image size-large\"><a href=\"https:\/\/die-mobile-nachhilfe.ch\/?page_id=1015\"><img loading=\"lazy\" decoding=\"async\" width=\"567\" height=\"129\" src=\"https:\/\/die-mobile-nachhilfe.ch\/wp-content\/uploads\/2020\/06\/Rechensch\u00e4che_Dyskalkulie.png\" alt=\"\" class=\"wp-image-1012\" srcset=\"https:\/\/die-mobile-nachhilfe.ch\/wp-content\/uploads\/2020\/06\/Rechensch\u00e4che_Dyskalkulie.png 567w, https:\/\/die-mobile-nachhilfe.ch\/wp-content\/uploads\/2020\/06\/Rechensch\u00e4che_Dyskalkulie-300x68.png 300w\" sizes=\"auto, (max-width: 567px) 100vw, 567px\" \/><\/a><\/figure>\n<\/div>\n\n\n\n<div class=\"wp-block-column is-layout-flow wp-block-column-is-layout-flow\"><\/div>\n<\/div>\n\n\n<div class=\"wp-block-image\">\n<figure class=\"alignright is-resized\"><img loading=\"lazy\" decoding=\"async\" width=\"1024\" height=\"683\" src=\"https:\/\/die-mobile-nachhilfe.ch\/wp-content\/uploads\/2019\/05\/IMG_0129-1024x683.jpg\" alt=\"\" class=\"wp-image-797\" style=\"width:255px;height:169px\" srcset=\"https:\/\/die-mobile-nachhilfe.ch\/wp-content\/uploads\/2019\/05\/IMG_0129-1024x683.jpg 1024w, https:\/\/die-mobile-nachhilfe.ch\/wp-content\/uploads\/2019\/05\/IMG_0129-300x200.jpg 300w, https:\/\/die-mobile-nachhilfe.ch\/wp-content\/uploads\/2019\/05\/IMG_0129-768x512.jpg 768w, https:\/\/die-mobile-nachhilfe.ch\/wp-content\/uploads\/2019\/05\/IMG_0129-624x416.jpg 624w\" sizes=\"auto, (max-width: 1024px) 100vw, 1024px\" \/><\/figure><\/div>\n\n\n<p style=\"font-size:18px\">Ich biete keine klassische Nachhilfe, sondern ein Lerncoaching, eine Hilfe zur Selbsthilfe sowie ein systematisches Aufarbeiten des Mathematikverst\u00e4ndnisses bei einer Rechenschw\u00e4che an. Mir liegen die Kinder\/Jugendlichen sehr am Herzen und es ist mir wichtig, dass sie pers\u00f6nliche Erfolgserlebnisse haben. Deshalb sind bei mir die Eltern immer ein wichtiges Puzzleteil. Sie werden von mir gecoacht, wie Sie zu Hause Ihr Kind\/Ihren Jugendlichen optimal weiterhin unterst\u00fctzen k\u00f6nnen (siehe auch <a href=\"https:\/\/die-mobile-nachhilfe.ch\/?page_id=668\">Ablauf der ersten Sitzung und der Weiterarbeit<\/a>) <\/p>\n\n\n\n<p style=\"font-size:18px\">Ich biete Lernstoffaufarbeitung, Lerncoaching (z.B. Vermittlung von Lerntechniken),  professionelle Hilfe bei Rechenschwierigkeiten, Gymivorbereitung, sowie Elternberatung an.<br><strong>Die gebuchten Stunden finden in meinem VW-Bus statt (mit leistungsstarker Standheizung und hellem Licht ausger\u00fcstet), mit welchem ich zu Ihnen vor Ort komme<\/strong>.  <strong>Die Stunden k\u00f6nnen auch via Skype abgehalten werden.<\/strong> F\u00fcr die Lernenden eine motivierende Lernumgebung, f\u00fcr Sie eine Ersparnis an Weg und Zeit! <\/p>\n\n\n<div class=\"wp-block-image\">\n<figure class=\"alignleft is-resized\"><img loading=\"lazy\" decoding=\"async\" width=\"1024\" height=\"1024\" src=\"https:\/\/die-mobile-nachhilfe.ch\/wp-content\/uploads\/2019\/05\/4F8A9706-1024x1024.jpg\" alt=\"\" class=\"wp-image-786\" style=\"width:198px;height:198px\" srcset=\"https:\/\/die-mobile-nachhilfe.ch\/wp-content\/uploads\/2019\/05\/4F8A9706-1024x1024.jpg 1024w, https:\/\/die-mobile-nachhilfe.ch\/wp-content\/uploads\/2019\/05\/4F8A9706-150x150.jpg 150w, https:\/\/die-mobile-nachhilfe.ch\/wp-content\/uploads\/2019\/05\/4F8A9706-300x300.jpg 300w, https:\/\/die-mobile-nachhilfe.ch\/wp-content\/uploads\/2019\/05\/4F8A9706-768x768.jpg 768w, https:\/\/die-mobile-nachhilfe.ch\/wp-content\/uploads\/2019\/05\/4F8A9706-624x624.jpg 624w\" sizes=\"auto, (max-width: 1024px) 100vw, 1024px\" \/><\/figure><\/div>\n\n\n<p style=\"font-size:18px\">Ich heisse Priska Berger, bin ausgebildete Lehrerin und Therapeutin f\u00fcr Dyskalkulie (Rechenschw\u00e4che) mit 20 Jahren Erfahrung an allen Stufen der Primarschule, vielen Jahren in der Gymivorbereitung, seit \u00fcber 10 Jahren als Korrekturexpertin f\u00fcr Gymiaufnahmepr\u00fcfungen sowie seit einigen Jahren als Nachhilfelehrerin\/Lerncoach um Lerntechniken und Lernstoff aufzuarbeiten. Durch meine ruhige und motivierende Art sowie durch meine optimistische Grundeinstellung, schaffe ich es jeweils schnell eine vertrauensvolle Beziehung zu den Kindern\/Jugendlichen und eine angenehme Lernatmosph\u00e4re herzustellen. Das sind die wichtigsten Voraussetzungen, damit die Kinder\/Jugendlichen sich aufs Lernen einlassen k\u00f6nnen. Gemeinsam suchen wir nach neuen Lernwegen und erarbeiten effiziente Lernstrategien und Lerntipps, welche f\u00fcr Ihr Kind\/Ihren Jugendlichen passen.&nbsp;Die Unterst\u00fctzung ist in jedem Fall individuell, pers\u00f6nlich und professionell.<br><\/p>\n\n\n\n<p style=\"font-size:18px\">Melden Sie sich unverbindlich bei mir via&nbsp;<a href=\"http:\/\/die-mobile-nachhilfe.ch\/?page_id=402\">Kontaktformular<\/a>&nbsp;oder SMS\/Whatsapp\/Anruf auf 076 514 66 04.<\/p>\n\n\n\n<p style=\"font-size:18px\">Ich bin gespannt darauf, Sie und Ihr Kind\/Jugendlicher kennen zu lernen!<\/p>\n\n\n\n<p style=\"font-size:18px\">Priska Berger<\/p>\n","protected":false},"excerpt":{"rendered":"<p>Lerncoaching &#8211; Hilfe bei Rechenschwierigkeiten\/Dyskalkulie &#8211; Gymivorbereitung &#8211; Elternberatung Alles im geheizten\/klimatisierten VW-Bus, mit heller Innenbeleuchtung, bei Ihnen vor Ort, oder via Skype (f\u00fcr eine Videoerkl\u00e4rung bitte hier klicken) durch erfahrene Lehrerin, Lerncoach und Therapeutin f\u00fcr Dyskalkulie (Rechenschw\u00e4che). F\u00fcr die Kinder\/ Jugendlichen und Erwachsenen eine motivierende Lernumgebung &#8211; F\u00fcr Sie eine Ersparnis an Weg und [&hellip;]<\/p>\n","protected":false},"author":1,"featured_media":0,"parent":0,"menu_order":0,"comment_status":"closed","ping_status":"closed","template":"","meta":{"footnotes":""},"class_list":["post-8","page","type-page","status-publish","hentry"],"_links":{"self":[{"href":"https:\/\/die-mobile-nachhilfe.ch\/index.php?rest_route=\/wp\/v2\/pages\/8","targetHints":{"allow":["GET"]}}],"collection":[{"href":"https:\/\/die-mobile-nachhilfe.ch\/index.php?rest_route=\/wp\/v2\/pages"}],"about":[{"href":"https:\/\/die-mobile-nachhilfe.ch\/index.php?rest_route=\/wp\/v2\/types\/page"}],"author":[{"embeddable":true,"href":"https:\/\/die-mobile-nachhilfe.ch\/index.php?rest_route=\/wp\/v2\/users\/1"}],"replies":[{"embeddable":true,"href":"https:\/\/die-mobile-nachhilfe.ch\/index.php?rest_route=%2Fwp%2Fv2%2Fcomments&post=8"}],"version-history":[{"count":189,"href":"https:\/\/die-mobile-nachhilfe.ch\/index.php?rest_route=\/wp\/v2\/pages\/8\/revisions"}],"predecessor-version":[{"id":1133,"href":"https:\/\/die-mobile-nachhilfe.ch\/index.php?rest_route=\/wp\/v2\/pages\/8\/revisions\/1133"}],"wp:attachment":[{"href":"https:\/\/die-mobile-nachhilfe.ch\/index.php?rest_route=%2Fwp%2Fv2%2Fmedia&parent=8"}],"curies":[{"name":"wp","href":"https:\/\/api.w.org\/{rel}","templated":true}]}}