{"id":668,"date":"2019-03-29T19:38:41","date_gmt":"2019-03-29T19:38:41","guid":{"rendered":"http:\/\/die-mobile-nachhilfe.ch\/?page_id=668"},"modified":"2024-02-08T13:18:21","modified_gmt":"2024-02-08T13:18:21","slug":"ablauf-der-ersten-sitzung","status":"publish","type":"page","link":"https:\/\/die-mobile-nachhilfe.ch\/?page_id=668","title":{"rendered":"Ablauf der ersten Sitzung und der Weiterarbeit"},"content":{"rendered":"\n<p>Das erste Treffen wird in den meisten F\u00e4llen mit mindestens einem Elternteil und dem Kind stattfinden. Dabei geht es um die Schilderung der Schwierigkeit(en) Ihrerseits sowie um eine konkrete Zielsetzung. Je nach Problematik werde ich danach nur mit dem Kind, mit Ihnen oder mit beiden weiterarbeiten. Oft werde ich \u00dcbungsmaterial, Lerntechniken und Regel-Wissen nach Hause mitgeben, damit das Kind m\u00f6glichst rasche Erfolgserlebnisse hat. Je nach Schwierigkeiten Ihres Kindes gen\u00fcgen somit schon wenige Lektionen um eine positive Entwicklung anzustossen. Wir werden die \u00dcbungslektionen von Woche zu Woche vereinbaren, denn eine Unterst\u00fctzung sollte zwar so lang wie n\u00f6tig, aber auch so kurz wie m\u00f6glich, sein. Sp\u00e4testens nach einigen Lektionen werden Sie, Ihr KInd und ich besprechen, wie weit eine Verbesserung stattgefunden hat und ob das Ziel (zumindest schon teilweise) erreicht wurde.<\/p>\n\n\n\n<p>Damit Sie Ihr Kind  auch nach den Lektionen bei mir optimal unterst\u00fctzen k\u00f6nnen, werde ich auf Wunsch mit Ihnen zusammen effiziente Strategien und Lerntechniken erarbeiten, sowie Ihnen geeignete Lernunterlagen mitgeben.<\/p>\n\n\n\n<p><\/p>\n","protected":false},"excerpt":{"rendered":"<p>Das erste Treffen wird in den meisten F\u00e4llen mit mindestens einem Elternteil und dem Kind stattfinden. Dabei geht es um die Schilderung der Schwierigkeit(en) Ihrerseits sowie um eine konkrete Zielsetzung. Je nach Problematik werde ich danach nur mit dem Kind, mit Ihnen oder mit beiden weiterarbeiten. Oft werde ich \u00dcbungsmaterial, Lerntechniken und Regel-Wissen nach Hause [&hellip;]<\/p>\n","protected":false},"author":1,"featured_media":0,"parent":0,"menu_order":0,"comment_status":"closed","ping_status":"closed","template":"","meta":{"footnotes":""},"class_list":["post-668","page","type-page","status-publish","hentry"],"_links":{"self":[{"href":"https:\/\/die-mobile-nachhilfe.ch\/index.php?rest_route=\/wp\/v2\/pages\/668","targetHints":{"allow":["GET"]}}],"collection":[{"href":"https:\/\/die-mobile-nachhilfe.ch\/index.php?rest_route=\/wp\/v2\/pages"}],"about":[{"href":"https:\/\/die-mobile-nachhilfe.ch\/index.php?rest_route=\/wp\/v2\/types\/page"}],"author":[{"embeddable":true,"href":"https:\/\/die-mobile-nachhilfe.ch\/index.php?rest_route=\/wp\/v2\/users\/1"}],"replies":[{"embeddable":true,"href":"https:\/\/die-mobile-nachhilfe.ch\/index.php?rest_route=%2Fwp%2Fv2%2Fcomments&post=668"}],"version-history":[{"count":14,"href":"https:\/\/die-mobile-nachhilfe.ch\/index.php?rest_route=\/wp\/v2\/pages\/668\/revisions"}],"predecessor-version":[{"id":1132,"href":"https:\/\/die-mobile-nachhilfe.ch\/index.php?rest_route=\/wp\/v2\/pages\/668\/revisions\/1132"}],"wp:attachment":[{"href":"https:\/\/die-mobile-nachhilfe.ch\/index.php?rest_route=%2Fwp%2Fv2%2Fmedia&parent=668"}],"curies":[{"name":"wp","href":"https:\/\/api.w.org\/{rel}","templated":true}]}}