{"id":463,"date":"2018-11-12T21:33:21","date_gmt":"2018-11-12T21:33:21","guid":{"rendered":"http:\/\/die-mobile-nachhilfe.ch\/?page_id=463"},"modified":"2026-01-23T14:51:58","modified_gmt":"2026-01-23T14:51:58","slug":"kundenfeedback","status":"publish","type":"page","link":"https:\/\/die-mobile-nachhilfe.ch\/?page_id=463","title":{"rendered":"Kundenfeedbacks"},"content":{"rendered":"\n<p><em>Nach 3 Jahren Frust und Streit zu Hause sind wir \u00fcber eine Freundin auf Priska Berger aufmerksam geworden &#8211; und sind jede Woche neu dankbar! F\u00fcr unseren Sohn war die Vermittlung der Mathematik in der Schule schwer nachvollziehbar und so hat er sich die wildesten Rechenwege zurecht gelegt &#8211; mit Priska haben wir jetzt angefangen die Rechnungen nach dem immer gleichen System neu aufzugleisen und es stellen sich bereits die ersten Erfolge ein &#8211; unser Sohn erledigt die Mathehausaufgaben nun selbstst\u00e4ndig und fast (!) mit Freude. Er geht wirklich gerne zu Priska und sie schafft es ihn zu motivieren! Wir sind froh und dankbar um diesen neuen Frieden zuhause und diese Unterst\u00fctzung!<\/em><br><strong>K.P. Schlieren<\/strong><\/p>\n\n\n\n<p><em>Meine Tochter besucht die Mathematik-Therapie bei Priska Berger und f\u00fchlt sich dort sehr wohl. Priska arbeitet sehr strukturiert, einf\u00fchlsam und professionell. Sie erkl\u00e4rt die Inhalte klar und geht individuell auf die Bed\u00fcrfnisse meiner Tochter ein. Meine Tochter wird fachlich wie auch menschlich wunderbar begleitet und hat deutlich mehr Sicherheit in Mathematik gewonnen. Besonders sch\u00e4tze ich auch, dass ich nach jeder Stunde via Sprachnachricht einen kurzen Bericht dar\u00fcber erhalte, woran sie gearbeitet haben, sowie ein pers\u00f6nliches Feedback zum Verlauf der Lektion. So bin ich jederzeit gut informiert und f\u00fchle mich sehr abgeholt. Wir sind f\u00fcr diese wertvolle Unterst\u00fctzung sehr dankbar und k\u00f6nnen Priska Berger von Herzen weiterempfehlen.<\/em><br><strong>Patricia Stocker, Wettswil<\/strong><\/p>\n\n\n\n<p><em>Priska Berger hat das Mathewissen unserer Tochter systematisch analysiert und ihre L\u00fccken gezielt geschlossen. Ihre motivierende Art hat unserer Tochter Freude am Lernen gegeben. In weniger als einem Jahr erreichte sie einen soliden Mathematikstand und eine positive Einstellung zur Mathe.<\/em><br><strong>A.Z., Birmensdorf<\/strong><\/p>\n\n\n\n<p><em>Wir sind froh, in Priska eine wertvolle Unterst\u00fctzung f\u00fcr unser Kind (3. Klasse) gefunden zu haben! Priska ist fachlich \u00e4usserst kompetent und begegnet uns auf eine sehr freundliche, empathische und unterst\u00fctzende Art.<br>Besonders wertvoll ist f\u00fcr uns ihr fundiertes Fachwissen zum Thema Mathematikschw\u00e4che\/Dyskalkulie. In der Primarschule werden alle wichtigen Grundlagen gelegt, und Priska schafft es unglaublich gut, mit den richtigen p\u00e4dagogischen Methoden und viel Geduld unserem Kind den Frust zu nehmen. Sie erkennt genau, wo die L\u00fccken liegen und schliesst diese zielorientiert und spielerisch ohne das Kind zu \u00fcberfordern.<br>Zudem ist sie absolut zuverl\u00e4ssig und die Kommunikation klappt hervorragend. Dank ihrer Hilfe hat unser Kind wieder mehr Freude an der Mathematik gefunden und geht viel selbstbewusster in den Unterricht. Eine uneingeschr\u00e4nkte Empfehlung f\u00fcr alle Eltern, die eine herzliche und fachlich fundierte Unterst\u00fctzung f\u00fcr ihr Kind suchen!<\/em><br><strong>Familie S., Stallikon<\/strong><\/p>\n\n\n\n<p><em>Priska begleitet unsere Tochter seit Mai dieses Jahres und wir haben sehr positive Erfahrungen gemacht. Am wichtigsten finde ich, dass die Einstellung unserer Tochter bez\u00fcglich Mathematik viel positiver geworden ist. Sie traut sich viel mehr, zu versuchen, die Aufgaben zu l\u00f6sen, anstatt von vornherein zu sagen, dass sie einfach nicht gut in Mathe sei. Danke Priska!!<\/em><br><strong>Familie N., Wettswil<\/strong><\/p>\n\n\n\n<p><em>Durch eine gezielte Standortanalyse hat Priska die Wissensl\u00fccken unserer Tochter schnell erkannt und sie mit viel Einf\u00fchlungsverm\u00f6gen systematisch aufgearbeitet. Die Stunden bei ihr haben meiner Tochter nicht nur grosses Vergn\u00fcgen bereitet, sondern ihr auch ein ganz neues Zahlenverst\u00e4ndnis vermittelt und die Begeisterung f\u00fcr das Rechnen geweckt.<br>F\u00fcr mich als Mutter war es eine ungemeine Erleichterung zu sehen, wie der Lernprozess so positiv und stressfrei gestaltet wurde. Wir sind Priska f\u00fcr ihre wertvolle Unterst\u00fctzung zutiefst dankbar und k\u00f6nnen sie aus vollem Herzen weiterempfehlen.<\/em><br><strong>A. Thuy, Stallikon<\/strong><\/p>\n\n\n\n<p><em>Wir haben Priska im Rahmen einer internen Weiterbildung als ausgesprochen kompetente, engagierte und sympathische Fachperson kennengelernt.<\/em><br><em>Mit ihrem fundierten Wissen, ihrer Erfahrung als Lehrperson und Therapeutin sowie ihrer sp\u00fcrbaren Begeisterung f\u00fcr Mathematik und das Arbeiten mit Kindern hat sie uns sehr beeindruckt.<\/em><br><em>Sie war top vorbereitet, klar in der Kommunikation und gleichzeitig pers\u00f6nlich sehr zugewandt \u2013 fachlich wie menschlich eine echte Bereicherung. Wir k\u00f6nnen sie als Dyskalkulietherapeutin und Referentin uneingeschr\u00e4nkt empfehlen.<\/em><br><strong><a href=\"https:\/\/www.praxis-laulima.ch\/\">Praxis Laulima<\/a> (Diagnostik, Psychotherapie und Lerncoaching), Z\u00fcrich<\/strong><\/p>\n\n\n\n<p><em>Priska ist eine sehr engagierte Lehrerin. Meine Tochter geht sehr gerne zu ihr in den Mathe-Unterricht, sie kommt immer zufrieden zur\u00fcck und ihr Selbstbewusstsein betreffend Mathe hat sich auch verbessert. Sie ist nun viel \u00f6fter motiviert Matheaufgaben zu \u00fcben und zu verstehen.<\/em><br><strong>Cornelia Kutasi, Thalwil<\/strong><\/p>\n\n\n\n<p><em>Ich bin Primarlehrerin und gebe im Moment Nachhilfeunterricht zum Teil an Kindern mit einer Rechenschw\u00e4che. Deshalb habe ich mich f\u00fcr eine private Weiterbildung an Priska Berger gewandt. Priska hat mit ihren Inputs meine Erwartungen bei weitem \u00fcbertroffen. Sie hat ein sehr fundiertes, theoretisches Wissen. Gleichzeitig merkt man ihr an, dass sie jahrelange praktische Erfahrung mit&nbsp;Kindern hat, die eine Rechenschw\u00e4che haben.&nbsp;Ich habe f\u00fcr mich sehr wertvolle Tipps und Anregungen bekommen, die ich sofort in meinen Nachhilfestunden umsetzen kann. Ausserdem bin ich durch die Weiterbildung etwas achtsamer geworden worauf ich bei Kindern mit einer Rechenschw\u00e4che meinen Fokus legen muss und wie ich mir ein Bild \u00fcber ihren jeweiligen Lernstand machen kann. Auch bin ich extrem froh, um die professionellen Handouts, die mir Priska&nbsp;abgegeben hat. Ich kann eine Weiterbildung bei Priska w\u00e4rmstens weiterempfehlen.<\/em><br><strong>Laura Butto<\/strong><\/p>\n\n\n\n<p><em>Als unsere Tochter in der 6. Klasse angefangen hat zu sagen, dass sie halt zu dumm sei f\u00fcr Mathe, haben wir uns auf die Suche nach einer geeigneten Nachhilfe gemacht. \u00dcber eine befreundete Lehrerin sind wir auf Priska und ihr B\u00fcssli gestossen. Uns hat das mobile Konzept sofort angesprochen. Unsere Tochter hat innerhalb eines halben Jahres ihre L\u00fccken in Mathe aufarbeiten k\u00f6nnen. Mittlerweile ist Mathe sogar (neben Sport) ihr liebstes Fach geworden. Was uns besonders gefallen hat, ist die motivierende Art von Priska. Unsere Tochter ging immer sehr gerne ins B\u00fcssli und kam stets gut gelaunt und gest\u00e4rkt zur\u00fcck. Ihr Selbstbewusstsein hat einen riesigen Sprung gemacht und sie ist nun auch bestens vorbereitet auf den \u00dcbertritt in die Oberstufe.<\/em><br><strong>Familie N., Arni AG<\/strong><\/p>\n\n\n\n<p><em>Zu dem Zeitpunkt bevor ich zu Priska ging, hatte ich grosse Schwierigkeiten beim Lernen und wusste ebenfalls nicht, wie man sinnvolle Zusammenfassungen schreibt. Meine Mutter hat mich dann bei Priska angemeldet. Ich habe in den Lektionen gelernt, wie man am besten Zusammenfassungen schreibt, Textinhalte (Geschichte, Geographie etc.) lernen kann und ich habe ebenfalls Tipps gegen Pr\u00fcfungsangst bekommen. Die gemeinsamen Lektionen mit Priska haben mir sehr weitergeholfen. Ich kann nun effiziente Zusammenfassungen schreiben, meine Pr\u00fcfungsangst ist weg und ich habe noch ganz viele weitere Tipps zum Lernen bekommen. Ich danke Priska herzlich f\u00fcr ihre Hilfe und w\u00fcnsche ihr alles Gute.<\/em><br><strong>Lenia Stocker, 3. Oberstufe, Wettswil<\/strong><\/p>\n\n\n<p><em>Priska hat mir gezeigt, wie man einen Aufsatz strukturierter und spannender schreiben kann. Sie hat mir viele Merk- und Rechtschreibetipps gegeben, sowie allgemeine Aufsatzregeln aufgezeigt. Ich bin dadurch beim Aufsatz schreiben viel besser geworden.<\/em><br \/><strong>Daniel Thiel, 5. Klasse, Wettswil<\/strong><\/p>\n<p><em>Priska begleitete unsere Tochter einige Monate. Nach einer Rechenstandsanalyse hatte Priska gezielt mit ihr begonnnen, die wackelnden Bausteine zu festigen. Schon nach kurzer Zeit konnten wir feststellen, dass sie sicherer wurde und auch mehr Spass daran hatte.<br \/>Priska war die perfekte Unterst\u00fctzung f\u00fcr unsere Tochter. Mit ihr machte Mathe \u00fcben einfach viel mehr Spass als mit uns Eltern ;-).<br \/>Herzlichen Dank, liebe Priska. Wir sind sehr dankbar f\u00fcr deine Hilfe.<\/em><br \/><strong>Familie G. aus Bonstetten<\/strong><\/p>\n<p><em>Mathe war nicht das Lieblingsfach unserer Tochter. Wir Eltern haben immer wieder mit ihr ge\u00fcbt. Die Lern-Konstellation mit mir war nicht wirklich gl\u00fccklich; es kam immer wieder zu Stress und Streit. Das ist nat\u00fcrlich f\u00fcr die Mutter-Tochter-Beziehung nicht f\u00f6rderlich.\u00a0\u00a0<\/em><br \/><em>Mit Priska wurde das Mathe-Lernen f\u00fcr Lena (und f\u00fcr mich) stressfreier. Priska hat mit ihr erst eine Standortbestimmung gemacht und dann fokussiert die L\u00fccken aufgearbeitet. Wir haben nach fast jeder Lektion ein Feedback zu den Fortschritten erhalten. Das empfand ich als sehr gut.\u00a0 \u00a0<\/em><br \/><em>Lena ist immer gerne zu Priska in den Bus lernen gegangen und kam jedes Mal &#8222;aufgestellt&#8220; zur\u00fcck. Priska unterrichtet mit sehr viel Einf\u00fchlungsverm\u00f6gen, Geduld und Zuwendung und motivierte Lena immer wieder. Wir sind sehr froh, dass Priska Lena auf dem Weg begleitet hat. Vielen Dank!\u00a0<\/em><br \/><strong>Sonja Stamm, Wettswil<\/strong><\/p>\n<p><em>&#8222;Die Nachhilfe mit Priska war ein riesiger Erfolg. Sandro ging sehr gerne zu ihr in die Unterst\u00fctzungslektion, da es sehr abwechslungsreich f\u00fcr ihn war und er sich wohl f\u00fchlte. Zudem erkannte Priska sehr schnell, wo er Probleme hatte und wie man diese angehen sollte. Priska hat ein enormes Repertoire an Ideen, wie sie verschiedene Themen erkl\u00e4ren, das Kind sie \u00fcben und umsetzen kann. Zus\u00e4tzlich hatte sie auch einige Tipps f\u00fcr uns als Eltern, was wir mit wenig Aufwand mit Sandro \u00fcben konnten. Es war eine grosse Entlastung f\u00fcr uns von einem Vollprofi wie Priska unterst\u00fctzt zu werden.&#8220;<\/em><br \/><strong>Familie Fellmann, Aesch<\/strong><\/p>\n<p><em>\u201ePriska hat mir sehr geholfen, mich auf die Gymipr\u00fcfung vorzubereiten. Sie hat mir gezeigt, wie ich Wissensl\u00fccken aufarbeiten kann und hat mir gute Tipps gegeben. Ich bin im Aufsatz schreiben viel besser geworden. Mit Priskas Hilfe konnte ich die Pr\u00fcfung bestehen.\u201c<\/em><br \/><strong>Janina V., Obfelden<\/strong><\/p>\n<p><em>\u201ePriska hat mir in den vergangenen Monaten sehr viel geholfen. Einerseits habe ich durch ihren w\u00f6chentlichen Besuch viel dazu gelernt, andererseits hat sie mich aber auch immer wieder motiviert und aufgebaut. Schon nach dem ersten Zusammentreffen konnte Priska verstehen, wo ich noch L\u00fccken hatte. Dank Priskas unendlicher Geduld, ihrer motivierenden Art und der F\u00e4higkeit, Dinge so einfach zu erkl\u00e4ren, dass jeder sie verstehen kann, konnte ich die Gymipr\u00fcfung bestreiten. Mit Priskas Hilfe konnte ich mich vor allem in Mathematik stark verbessern.\u201c<\/em><br \/><strong>Noemi V., Obfelden<\/strong><\/p>\n<p><em>&#8222;In den ersten drei Schuljahren musste unsere Tochter 3 Mal das Land sowie die Schule wechseln und hinzu kam eine Rechenschw\u00e4che. Aufgrund dessen fehlt ihr die Basis in der Mathematik und sie ist in der Schule mit dem aktuellen Schulstoff \u00fcberfordert. Durch einen Zufall kamen wir auf Priska und wir wollten das mit ihr testen. Priska hat schnell den Zugang zu unserer Tochter gefunden und obwohl sie Mathe hasst, macht sie Fortschritte und geht gerne zu Priska in den l\u00e4ssigen Lernbus. Wir k\u00f6nnen Priska sehr empfehlen!<\/em>\u201e<br \/><strong>Familie Lichtsteiner, Wettswil<\/strong><\/p>\n<p>\u201e<em>Unser Sohn Joel nimmt das Lerncoaching von Priska in der Mathematik in Anspruch. Aufgrund der von ihr gemachten Rechenstandsanalyse hat Priska schnell festgestellt, dass eine Matheschw\u00e4che vorliegt. Um diese aufzuarbeiten hat sie einen ad\u00e4quaten und zielorientierten F\u00f6rderplan erstellt und mit uns besprochen. Mit dieser Erkenntnis k\u00f6nnen wir Joel gezielter und auch entspannter zu Hause unterst\u00fctzen. Joel betrieb immer einen grossen Aufwand in der Mathi mit wenig Erfolg. In der Rechenschw\u00e4che-Therapie von Priska gelingt es durch systematischen Aufbau des mathematischen Verst\u00e4ndnisses diesen Frust zu durchbrechen und das Gef\u00fchl zu st\u00e4rken \u00abIch schaffe es\u00bb. Auch konnte dadurch bewirkt werden, dass in der Schule vermehrt R\u00fccksicht genommen wird auf die Schwierigkeiten von Joel. Wir Eltern sind begeistert und k\u00f6nnen die Rechenschw\u00e4che-Therapie herzlichst empfehlen.<\/em>\u201e<br \/><strong>Familie Pritzlaff aus Birmensdorf<\/strong><\/p>\n<p>&#8222;<em>Der Wechsel unserer Zwillinge in die Mittelstufe stellte uns bzgl. Unterst\u00fctzung bei der Bew\u00e4ltigung der Hausaufgaben vor eine grosse Herausforderung. <\/em><br \/><em>Mit Priska zusammen analysierte ich die Situationen, erarbeitete verschiedene Strategien um Konflikttrigger (Ausl\u00f6ser) rechtzeitig zu erkennen.<\/em><br \/><em>Die Interventionen halfen der ganzen Familie sehr, die Herausforderung positiv zu meistern.<\/em><br \/><em>Wir k\u00f6nnen die Elternberatung w\u00e4rmstens empfehlen und danken Priska herzlich.&#8220;<\/em><br \/><strong>Familie Stalder, Wettswil<\/strong><\/p>\n<p><em>&#8222;Lars* hat aufgrund seiner Autismus-Spektrum-St\u00f6rung u.a. sehr grosse Schwierigkeiten bei den sog. exekutiven Funktionen. Selbst\u00e4ndig Aufgaben, insb. Hausaufgaben anzugehen ist f\u00fcr ihn eine ausserordentlich grosse Herausforderung. Ohne die Hilfe von Priska w\u00e4re es f\u00fcr Lars deshalb nicht m\u00f6glich gewesen in der Zeit des Lockdowns schulisch mitzuhalten. Dank ihrer sehr achtsamen Gespr\u00e4chsf\u00fchrung f\u00fchlt sich Lars von ihr angenommen und in ihrer Anwesenheit sehr geborgen. Dadurch f\u00fchlt er sich verstanden; ein Dialog findet statt und er lernt effektiv. Indem sie Lars derart liebevoll beim Lernen begleitet, ihm auch Hilfestellungen zu Motivation, Wochenplanung und selbst\u00e4ndigem Arbeiten gibt, sowie Hintergrundinfos zu effizientem Lernen, macht ihm das Lernen Freude. Dies wiederum st\u00e4rkt sein Selbstvertrauen. Eine positive Wechselwirkung. <\/em><br \/><em>Es ist wunderbar, wie es Priska gelungen ist, mit Lars eine derart sch\u00f6ne, vertrauensvolle Beziehung aufzubauen. Wir m\u00fcssen auf diesem Weg unbedingt weitergehen!&#8220;<\/em><br \/><strong>Vater von Lars, aus B.<\/strong><br \/>*Name wurde auf Wunsch der Familie ge\u00e4ndert.<\/p>\n<p><em>&#8222;Die mobile Nachhilfe ist in allen Bereichen ausgezeichnet. Priska erkl\u00e4rt nicht nur auf verst\u00e4ndliche Weise die Aufgaben, sondern macht gleichzeitig mit den Sch\u00fclern einen Lernplan, bringt ihnen Lernmethoden bei und ist ein ausgezeichneter Motivator auch indem Sie mit den Sch\u00fclern Eigenmotivation trainiert. F\u00fcr meine Tochter und mich ein voller Erfolg. Ich kann \u2018Die mobile Nachhilfe\u2019 sehr empfehlen.&#8220;<\/em><br \/><strong>Jeannette Rosenberger mit Joy (2. Oberstufe), Wettswil<\/strong><\/p>\n<p><em>&#8222;Die guten Noten und der Wunsch unseres Sohnes haben uns zu Beginn der 6. Klasse zu einer Gymmivorbereitung bei Priska bewogen. Priska hat seine Defizite in den Grundfertigkeiten rasch erkannt und gezielt aufgearbeitet. Auch konnte er von ihren wertvollen Tipps in Bezug auf seine Lerntechniken profitieren. Sie versteht es die Kinder abzuholen, sie zu motivieren und zu ermutigen. Inzwischen hat sich unser Sohn f\u00fcr einen \u00dcbertritt in die Sekundarschule entschieden. Priska hat ihn bei seinem Richtungswechsel feinf\u00fchlig begleitet und sich auch mit uns Eltern offen ausgetauscht. Sie ist eine kompetente Lehrerin und hat gleichzeitig die F\u00e4higkeit auf einer gleichwertigen Ebene mit den Kindern zu kommunizieren. Unser Sohn empfindet das Lernen mit Priska &#8211; gem\u00e4ss eigener Aussage &#8211; wie ein Hobby, weil es ihm Spass bereitet.<br \/>Ich empfehle die Unterst\u00fctzung von Priska allen, die sich auf eine Pr\u00fcfung vorbereiten m\u00f6chten, Schulstoff aufarbeiten wollen oder nicht wissen wie sie am besten lernen k\u00f6nnen. Priska hilft den jungen Menschen dabei neuen Elan f\u00fcr ihren Schulalltag zu entwickeln.&#8220;<br \/><strong>Nicole Staub, Stallikon<\/strong><br \/><\/em><\/p>\n<p><em>&#8222;Die Gymivorbereitung bei Priska hat mir sehr gut gefallen. Sie konnte mir alles sehr anschaulich erkl\u00e4ren. Sie hat mir nicht nur beim Weg ins Gymi geholfen, sondern auch Tipps f\u00fcr den Lernstoff in der Primarschule gegeben. Ich w\u00fcrde wieder zu Priska gehen.&#8220;<\/em><br \/><strong>Marc Signer, Wettswil<\/strong><\/p>\n<p><em>&#8222;Priska hat sehr schnell den Draht zu Marc gefunden. Marc hat bei Priska nicht nur den Pr\u00fcfungsstoff gelernt, sondern hat mit ihr auch unterschiedliche Pr\u00fcfungsstrategien entwickelt. Wir k\u00f6nnen Priska sehr empfehlen.&#8220;<\/em><br \/><strong>Familie Signer, Wettswil<\/strong><\/p>\n<p><em>&#8222;Yannik hat sich bei Priska auf die Gymipr\u00fcfung vorbereitet und brauchte v.a. Unterst\u00fctzung beim Thema &#8218;Aufsatz&#8216;. Er konnte die wertvollen Tipps, welche Priska ihm gegeben hat, sehr gut anwenden. Er war sehr begeistert vom Unterricht und f\u00fchlte sich danach auch sicherer im Bezug auf die Aufnahmepr\u00fcfung. Dies war sicher auch ein Puzzleteil f\u00fcr die erfolgreiche Absolvierung der Gymiaufnahmepr\u00fcfung.&#8220;<\/em><br \/><strong>Familie W\u00fcthrich, Birmensdorf<\/strong><\/p>\n<p><em>&#8222;Priska konnte unseren Sohn vor dem \u00dcbertritt in die Oberstufe sehr zielorientiert und effizient unterst\u00fctzen. So stellte sie bei der Durchsicht des Mathematikstoffs des vergangenen Schuljahres u.a. schnell fest, dass aufgrund von oft wechselnden Lehrpersonen, gewisse Mathematikthemen noch zu wenig vertieft worden waren. Sie schaffte es auch in kurzer Zeit Pablos Systematik beim Lernen zu verbessern und somit seine Motivation nachhaltig positiv zu beeinflussen. Die Resultate sowie das wiederhergestellte Selbstvertrauen sprachen f\u00fcr sich.&#8220;<\/em><br \/><strong>Melissa Sch\u00e4rer, Wettswil\u00a0<\/strong><\/p>\n<p><em>&#8222;Priska hat unsere Tochter sehr liebenswert und effizient zum \u00dcbertritt in die Sekundarschule in Mathe unterst\u00fctzt. Der Umgang\u00a0mit Zahlen f\u00e4llt unserer Tochter sehr schwer, aber Priska ging sehr gut auf die Bed\u00fcrfnisse von Lara-Joy ein und begleitete sie\u00a0w\u00e4hrend einiger Zeit auf ihrem Weg in die Oberstufe. Sie f\u00fchlte sich sehr wohl und gut verstanden bei Priska und hatte Vertrauen\u00a0in sie. Wir danken Priska herzlich f\u00fcr die gute Begleitung und Betreuung und k\u00f6nnen sie w\u00e4rmstens empfehlen!&#8220;<br \/><\/em><strong>Familie Monstein, Wettswil<\/strong><\/p>\n<p><em>&#8222;Unserer Tochter bereitet der Umgang mit Zahlen und allgemein die Mathematik grosse M\u00fche.<\/em><br \/><em>Dank Priska&#8217;s jahrelanger Erfahrung auf dem Gebiet und dank ihrer F\u00e4higkeiten konnte sie bewirken, dass unsere Tochter in der Schule auf Dyskalkulie abgekl\u00e4rt werden konnte. Unsere Tochter wird nun in den n\u00e4chsten Monaten optimal und fachgerecht begleitet.<\/em><br \/><em>Die Kinder und ihre Bed\u00fcrfnisse werden bei Priska sehr ernst genommen. Wir k\u00f6nnen daher Priska sehr empfehlen.&#8220;<\/em><br \/><em>DANKE Priska! \ud83d\ude42<\/em><br \/><strong>Familie Russo, Wettswil<\/strong><\/p>\n<p><em>&#8222;Meine beiden T\u00f6chter, Anouk und Fabienne, besuchten beide den offiziellen Gymivorbereitungskurs der Primarschule Wettswil bei Priska. Sie fanden beide, dass Priska sehr gut erkl\u00e4ren kann und viel Geduld aufbringt und gingen deshalb immer sehr gerne zu ihr.&#8220;<\/em><br \/><strong>Sandra Wehrle, Wettswil<\/strong><\/p>\n<p>&#8222;&#8230;<em>Frau Priska Berger-Leuenberger war eine geduldige, wohlwollende und wertsch\u00e4tzende Lehrperson, die sich mit Engagement und Freude f\u00fcr ihre Arbeit mit den Kindern einsetzte. Durch ihre freundliche und sympathische Art gelang es ihr in kurzer Zeit, den Zugang zu jedem Kind und Erwachsenen zu finden.<br \/><\/em><em>Frau Priska Berger-Leuenberger f\u00fchrte \u00fcber die letzten Jahre und mit viel Freude und Leidenschaft den Gymivorbereitungskurs. Die Lektionen waren sehr gut vorbereitet, abwechslungsreich und anregend strukturiert. Sie setzte verschiedene Lehr- und Lernarrangements, sowie unterschiedliche Sozialformen ein und verstand es mit ihrer Freude und Begeisterung f\u00fcrs Lernen, die Kinder zu motivieren. Frau Priska Berger-Leuenberger ist eine echte Kapazit\u00e4t und Expertin f\u00fcr die Gymiaufnahmepr\u00fcfung&#8230;.&#8220;<\/em><br \/><strong>Auszug aus dem Arbeitszeugnis der Primarschule Wettswil<\/strong><\/p>\n<p>&#8222;<em>Priska Berger ist eine vorbildliche und wertsch\u00e4tzende Lehrerin mit einer positiven Grundhaltung. Sie f\u00fchrt die Klasse mit viel Ruhe, Empathie und Respekt. Sie gestaltet einen jederzeit zielorientierten, gut strukturierten und individualisierten Unterricht, in welchem die Sch\u00fclerInnen gef\u00f6rdert und gefordert werden. Sie legt grossen Wert auf eine angenehme, ruhige Lernatmosph\u00e4re und einen respektvollen Umgang. Wir danken Priska Berger f\u00fcr ihren grossen Einsatz zugunsten der Sch\u00fclerinnen und Sch\u00fcler.&#8220;<\/em><br \/><strong>Gesamtw\u00fcrdigung Mitarbeiterbeurteilung 2019 Opfikon, <\/strong><br \/><strong>Beurteilungsstufe I: sehr gut (\u00dcbertrifft die Anforderungen)<\/strong><\/p>","protected":false},"excerpt":{"rendered":"<p>Nach 3 Jahren Frust und Streit zu Hause sind wir \u00fcber eine Freundin auf Priska Berger aufmerksam geworden &#8211; und sind jede Woche neu dankbar! F\u00fcr unseren Sohn war die Vermittlung der Mathematik in der Schule schwer nachvollziehbar und so hat er sich die wildesten Rechenwege zurecht gelegt &#8211; mit Priska haben wir jetzt angefangen [&hellip;]<\/p>\n","protected":false},"author":1,"featured_media":0,"parent":0,"menu_order":0,"comment_status":"closed","ping_status":"closed","template":"","meta":{"footnotes":""},"class_list":["post-463","page","type-page","status-publish","hentry"],"_links":{"self":[{"href":"https:\/\/die-mobile-nachhilfe.ch\/index.php?rest_route=\/wp\/v2\/pages\/463","targetHints":{"allow":["GET"]}}],"collection":[{"href":"https:\/\/die-mobile-nachhilfe.ch\/index.php?rest_route=\/wp\/v2\/pages"}],"about":[{"href":"https:\/\/die-mobile-nachhilfe.ch\/index.php?rest_route=\/wp\/v2\/types\/page"}],"author":[{"embeddable":true,"href":"https:\/\/die-mobile-nachhilfe.ch\/index.php?rest_route=\/wp\/v2\/users\/1"}],"replies":[{"embeddable":true,"href":"https:\/\/die-mobile-nachhilfe.ch\/index.php?rest_route=%2Fwp%2Fv2%2Fcomments&post=463"}],"version-history":[{"count":34,"href":"https:\/\/die-mobile-nachhilfe.ch\/index.php?rest_route=\/wp\/v2\/pages\/463\/revisions"}],"predecessor-version":[{"id":1185,"href":"https:\/\/die-mobile-nachhilfe.ch\/index.php?rest_route=\/wp\/v2\/pages\/463\/revisions\/1185"}],"wp:attachment":[{"href":"https:\/\/die-mobile-nachhilfe.ch\/index.php?rest_route=%2Fwp%2Fv2%2Fmedia&parent=463"}],"curies":[{"name":"wp","href":"https:\/\/api.w.org\/{rel}","templated":true}]}}