{"id":402,"date":"2018-09-23T08:53:38","date_gmt":"2018-09-23T08:53:38","guid":{"rendered":"http:\/\/die-mobile-nachhilfe.ch\/?page_id=402"},"modified":"2025-07-07T19:58:12","modified_gmt":"2025-07-07T19:58:12","slug":"kontaktformular","status":"publish","type":"page","link":"https:\/\/die-mobile-nachhilfe.ch\/?page_id=402","title":{"rendered":"Kontaktformular"},"content":{"rendered":"\n<p>Aufgrund eines technischen Problems mit dem Kontaktformular auf dieser Webseite bitte ich Sie mich via <a href=\"https:\/\/www.rechenschwaeche-therapie.ch\/index.php\/kontaktformular\/\">Kontaktformular auf meiner Webseite www.rechenschwaeche-therapie.ch<\/a> zu kontaktieren. Danke f\u00fcr Ihr Verst\u00e4ndnis.<\/p>\n\n\n\n<p>Gerne k\u00f6nnen Sie mich auch folgendermassen kontaktieren:<br>Handy: 076 514 66 04<br>eMail: <a href=\"mailto:priskaberger@gmx.ch\">priskaberger@gmx.ch<\/a><\/p>\n\n\n\n<p><\/p>\n","protected":false},"excerpt":{"rendered":"<p>Aufgrund eines technischen Problems mit dem Kontaktformular auf dieser Webseite bitte ich Sie mich via Kontaktformular auf meiner Webseite www.rechenschwaeche-therapie.ch zu kontaktieren. Danke f\u00fcr Ihr Verst\u00e4ndnis. Gerne k\u00f6nnen Sie mich auch folgendermassen kontaktieren:Handy: 076 514 66 04eMail: priskaberger@gmx.ch<\/p>\n","protected":false},"author":1,"featured_media":0,"parent":0,"menu_order":0,"comment_status":"closed","ping_status":"closed","template":"","meta":{"footnotes":""},"class_list":["post-402","page","type-page","status-publish","hentry"],"_links":{"self":[{"href":"https:\/\/die-mobile-nachhilfe.ch\/index.php?rest_route=\/wp\/v2\/pages\/402","targetHints":{"allow":["GET"]}}],"collection":[{"href":"https:\/\/die-mobile-nachhilfe.ch\/index.php?rest_route=\/wp\/v2\/pages"}],"about":[{"href":"https:\/\/die-mobile-nachhilfe.ch\/index.php?rest_route=\/wp\/v2\/types\/page"}],"author":[{"embeddable":true,"href":"https:\/\/die-mobile-nachhilfe.ch\/index.php?rest_route=\/wp\/v2\/users\/1"}],"replies":[{"embeddable":true,"href":"https:\/\/die-mobile-nachhilfe.ch\/index.php?rest_route=%2Fwp%2Fv2%2Fcomments&post=402"}],"version-history":[{"count":8,"href":"https:\/\/die-mobile-nachhilfe.ch\/index.php?rest_route=\/wp\/v2\/pages\/402\/revisions"}],"predecessor-version":[{"id":1171,"href":"https:\/\/die-mobile-nachhilfe.ch\/index.php?rest_route=\/wp\/v2\/pages\/402\/revisions\/1171"}],"wp:attachment":[{"href":"https:\/\/die-mobile-nachhilfe.ch\/index.php?rest_route=%2Fwp%2Fv2%2Fmedia&parent=402"}],"curies":[{"name":"wp","href":"https:\/\/api.w.org\/{rel}","templated":true}]}}