{"id":381,"date":"2018-09-20T08:29:30","date_gmt":"2018-09-20T08:29:30","guid":{"rendered":"http:\/\/die-mobile-nachhilfe.ch\/?page_id=381"},"modified":"2020-01-19T19:26:36","modified_gmt":"2020-01-19T19:26:36","slug":"persoenliches","status":"publish","type":"page","link":"https:\/\/die-mobile-nachhilfe.ch\/?page_id=381","title":{"rendered":"Pers\u00f6nliches"},"content":{"rendered":"\n<p>Ich bin verheiratet und Mutter von drei M\u00e4dchen (2004, 2006 und 2010). Alle drei meistern bis jetzt die Schule und Hausaufgaben fast ohne Schwierigkeiten und ich bin sehr dankbar daf\u00fcr, da ich aus eigener Erfahrung weiss, dass es auch ganz anders sein kann.<\/p>\n\n\n\n<p>Zu unserer Familie geh\u00f6ren auch noch zwei Hunde: ein grosser Labrador-Mischling und ein Chihuahua.<\/p>\n\n\n\n<div class=\"wp-block-image\"><figure class=\"alignleft is-resized\"><img loading=\"lazy\" decoding=\"async\" src=\"https:\/\/die-mobile-nachhilfe.ch\/wp-content\/uploads\/2018\/07\/IMG-20151012-WA0004-1024x576.jpg\" alt=\"\" class=\"wp-image-230\" width=\"353\" height=\"198\" srcset=\"https:\/\/die-mobile-nachhilfe.ch\/wp-content\/uploads\/2018\/07\/IMG-20151012-WA0004-1024x576.jpg 1024w, https:\/\/die-mobile-nachhilfe.ch\/wp-content\/uploads\/2018\/07\/IMG-20151012-WA0004-300x169.jpg 300w, https:\/\/die-mobile-nachhilfe.ch\/wp-content\/uploads\/2018\/07\/IMG-20151012-WA0004-768x432.jpg 768w, https:\/\/die-mobile-nachhilfe.ch\/wp-content\/uploads\/2018\/07\/IMG-20151012-WA0004.jpg 1328w\" sizes=\"auto, (max-width: 353px) 100vw, 353px\" \/><\/figure><\/div>\n\n\n\n<p>Ich f\u00fchle mich wohl in der Natur, liebe es neue Freizeitbesch\u00e4ftigungen auszuprobieren, treibe sehr gerne Sport und finde es motivierend und bereichernd mit Kindern zu arbeiten.<\/p>\n\n\n\n<p>Neben dem Unterrichten hatte ich auch ehrenamtlich immer wieder mit Kindern zu tun: Als Pfadileiterin, Klassenlagerbegleiterin, Organisatorin des Mitspielzirkus Pipistrello f\u00fcr den Familienclub, ehrenamtliche Betreuerin eines minderj\u00e4hrigen, unbegleiteten, asylsuchenden M\u00e4dchen sowie als Meitliriegeleiterin.<\/p>\n\n\n\n<p><strong>Entstehung der mobilen Nachhilfe<\/strong><br><\/p>\n\n\n\n<p>Die Idee zur \u201emobilen Nachhilfe\u201c ist \u00fcber viele Monate entstanden und gewachsen, unter anderem auch durch eine Menge intensiver Gespr\u00e4che mit Lehrerkolleginnen und befreundeten M\u00fcttern.<\/p>\n\n\n\n<p><strong>Die Unterst\u00fctzung vor Ort<\/strong><br>Die meisten Eltern wollen das Bestm\u00f6glichste f\u00fcr ihr Kind, haben aber aus organisatorischen und zeitlichen Gr\u00fcnden oft nicht die M\u00f6glichkeit mit ihrem Kind jede Woche irgendwo hin und und eine knappe Stunde danach wieder zur\u00fcckzufahren. Und auch f\u00fcr die Kinder selber sollte aus Motivationsgr\u00fcnden nicht ein ganzer freier Nachmittag f\u00fcr zus\u00e4tzlichen Unterricht\/Lerncoaching oder f\u00fcr die Gymivorbereitung geopfert werden. Deshalb wollte ich die Unterst\u00fctzung zu den Kindern und deren Eltern bringen und mir kam die Idee mit der \u201emobilen Nachhilfe\u201c. Es kann im VW-Bus oder bei sch\u00f6nem Wetter neben dem VW-Bus unter der schattenspendenden Markise ge\u00fcbt, gelernt, diskutiert und L\u00f6sungsstrategien entwickelt werden. Der Bus kann am Waldrand oder nahe bei der Schule stehen, je nach pers\u00f6nlichen W\u00fcnschen. Der Lernort ist f\u00fcr das Kind und die Eltern unbelastet, ungew\u00f6hnlich und zus\u00e4tzlich motivierend.<\/p>\n\n\n\n<p><strong>\u2026es geht los\u2026<\/strong><br>Viele Stunden wurden von mir begeistert in die Vorbereitung der \u201emobilen Nachhilfe\u201c investiert. Seit Ende M\u00e4rz 2019 bin ich nun bereit, um Ihr Kind vor Ort zu unterst\u00fctzen. <\/p>\n\n\n\n<p>Falls Sie auf der Suche nach einer externen Unterst\u00fctzung f\u00fcr sich und\/oder Ihr Kind sind, dann w\u00fcrde ich mich freuen, wenn Sie sich unverbindlich bei mir melden.<\/p>\n\n\n\n<p>Viel Erfolg und alles Gute<br>Priska Berger<\/p>\n\n\n\n<p><a href=\"https:\/\/die-mobile-nachhilfe.ch\/?page_id=210\">Hier<\/a> finden Sie meine pers\u00f6nliche Grundeinstellung sowie meine Leits\u00e4tze.<\/p>\n","protected":false},"excerpt":{"rendered":"<p>Ich bin verheiratet und Mutter von drei M\u00e4dchen (2004, 2006 und 2010). Alle drei meistern bis jetzt die Schule und Hausaufgaben fast ohne Schwierigkeiten und ich bin sehr dankbar daf\u00fcr, da ich aus eigener Erfahrung weiss, dass es auch ganz anders sein kann. Zu unserer Familie geh\u00f6ren auch noch zwei Hunde: ein grosser Labrador-Mischling und [&hellip;]<\/p>\n","protected":false},"author":1,"featured_media":0,"parent":0,"menu_order":0,"comment_status":"closed","ping_status":"closed","template":"","meta":{"footnotes":""},"class_list":["post-381","page","type-page","status-publish","hentry"],"_links":{"self":[{"href":"https:\/\/die-mobile-nachhilfe.ch\/index.php?rest_route=\/wp\/v2\/pages\/381","targetHints":{"allow":["GET"]}}],"collection":[{"href":"https:\/\/die-mobile-nachhilfe.ch\/index.php?rest_route=\/wp\/v2\/pages"}],"about":[{"href":"https:\/\/die-mobile-nachhilfe.ch\/index.php?rest_route=\/wp\/v2\/types\/page"}],"author":[{"embeddable":true,"href":"https:\/\/die-mobile-nachhilfe.ch\/index.php?rest_route=\/wp\/v2\/users\/1"}],"replies":[{"embeddable":true,"href":"https:\/\/die-mobile-nachhilfe.ch\/index.php?rest_route=%2Fwp%2Fv2%2Fcomments&post=381"}],"version-history":[{"count":11,"href":"https:\/\/die-mobile-nachhilfe.ch\/index.php?rest_route=\/wp\/v2\/pages\/381\/revisions"}],"predecessor-version":[{"id":971,"href":"https:\/\/die-mobile-nachhilfe.ch\/index.php?rest_route=\/wp\/v2\/pages\/381\/revisions\/971"}],"wp:attachment":[{"href":"https:\/\/die-mobile-nachhilfe.ch\/index.php?rest_route=%2Fwp%2Fv2%2Fmedia&parent=381"}],"curies":[{"name":"wp","href":"https:\/\/api.w.org\/{rel}","templated":true}]}}