{"id":353,"date":"2018-09-20T07:34:38","date_gmt":"2018-09-20T07:34:38","guid":{"rendered":"http:\/\/die-mobile-nachhilfe.ch\/?page_id=353"},"modified":"2020-09-06T19:58:22","modified_gmt":"2020-09-06T19:58:22","slug":"angebote","status":"publish","type":"page","link":"https:\/\/die-mobile-nachhilfe.ch\/?page_id=353","title":{"rendered":"Angebote"},"content":{"rendered":"<p>Weitere Informationen finden Sie unter den folgenden Links:<\/p>\n<p><a href=\"http:\/\/die-mobile-nachhilfe.ch\/?page_id=350\"><span style=\"color: #00ff00;\">Wissensl\u00fccken<\/span><\/a><\/p>\n<p><span style=\"color: #008000;\"><a style=\"color: #008000;\" href=\"http:\/\/die-mobile-nachhilfe.ch\/?page_id=356\">Gymipr\u00fcfungsvorbereitung<\/a><\/span><\/p>\n<p><span style=\"color: #00ccff;\"><a style=\"color: #00ccff;\" href=\"http:\/\/die-mobile-nachhilfe.ch\/?page_id=333\">Lerncoaching<\/a><\/span><\/p>\n<p><span style=\"color: #333399;\"><a style=\"color: #333399;\" href=\"http:\/\/die-mobile-nachhilfe.ch\/?page_id=297\">Elternberatung<\/a><\/span><\/p>\n<p><a href=\"https:\/\/die-mobile-nachhilfe.ch\/?page_id=1015\"><span style=\"color: #0000ff;\"><span style=\"color: #3366ff;\"><span style=\"color: #ff00ff;\">Rechenschw\u00e4che \/ Dyskalkulie<\/span><\/span><\/span><\/a><\/p>\n\n\n<p><\/p>\n","protected":false},"excerpt":{"rendered":"<p>Weitere Informationen finden Sie unter den folgenden Links: Wissensl\u00fccken Gymipr\u00fcfungsvorbereitung Lerncoaching Elternberatung Rechenschw\u00e4che \/ Dyskalkulie<\/p>\n","protected":false},"author":1,"featured_media":0,"parent":0,"menu_order":0,"comment_status":"closed","ping_status":"closed","template":"onecolumn-page.php","meta":{"footnotes":""},"class_list":["post-353","page","type-page","status-publish","hentry"],"_links":{"self":[{"href":"https:\/\/die-mobile-nachhilfe.ch\/index.php?rest_route=\/wp\/v2\/pages\/353","targetHints":{"allow":["GET"]}}],"collection":[{"href":"https:\/\/die-mobile-nachhilfe.ch\/index.php?rest_route=\/wp\/v2\/pages"}],"about":[{"href":"https:\/\/die-mobile-nachhilfe.ch\/index.php?rest_route=\/wp\/v2\/types\/page"}],"author":[{"embeddable":true,"href":"https:\/\/die-mobile-nachhilfe.ch\/index.php?rest_route=\/wp\/v2\/users\/1"}],"replies":[{"embeddable":true,"href":"https:\/\/die-mobile-nachhilfe.ch\/index.php?rest_route=%2Fwp%2Fv2%2Fcomments&post=353"}],"version-history":[{"count":13,"href":"https:\/\/die-mobile-nachhilfe.ch\/index.php?rest_route=\/wp\/v2\/pages\/353\/revisions"}],"predecessor-version":[{"id":1051,"href":"https:\/\/die-mobile-nachhilfe.ch\/index.php?rest_route=\/wp\/v2\/pages\/353\/revisions\/1051"}],"wp:attachment":[{"href":"https:\/\/die-mobile-nachhilfe.ch\/index.php?rest_route=%2Fwp%2Fv2%2Fmedia&parent=353"}],"curies":[{"name":"wp","href":"https:\/\/api.w.org\/{rel}","templated":true}]}}