{"id":350,"date":"2018-09-20T07:32:54","date_gmt":"2018-09-20T07:32:54","guid":{"rendered":"http:\/\/die-mobile-nachhilfe.ch\/?page_id=350"},"modified":"2020-09-06T20:37:05","modified_gmt":"2020-09-06T20:37:05","slug":"home","status":"publish","type":"page","link":"https:\/\/die-mobile-nachhilfe.ch\/?page_id=350","title":{"rendered":"Wissensl\u00fccken aufarbeiten im VW-Bus vor Ort"},"content":{"rendered":"\n<div class=\"wp-block-image\"><figure class=\"alignright is-resized\"><img loading=\"lazy\" decoding=\"async\" src=\"https:\/\/die-mobile-nachhilfe.ch\/wp-content\/uploads\/2019\/04\/Coaching-Elternberatung-Nachhilfe-1024x683.jpg\" alt=\"\" class=\"wp-image-714\" width=\"421\" height=\"280\" srcset=\"https:\/\/die-mobile-nachhilfe.ch\/wp-content\/uploads\/2019\/04\/Coaching-Elternberatung-Nachhilfe-1024x683.jpg 1024w, https:\/\/die-mobile-nachhilfe.ch\/wp-content\/uploads\/2019\/04\/Coaching-Elternberatung-Nachhilfe-300x200.jpg 300w, https:\/\/die-mobile-nachhilfe.ch\/wp-content\/uploads\/2019\/04\/Coaching-Elternberatung-Nachhilfe-768x512.jpg 768w, https:\/\/die-mobile-nachhilfe.ch\/wp-content\/uploads\/2019\/04\/Coaching-Elternberatung-Nachhilfe-624x416.jpg 624w\" sizes=\"auto, (max-width: 421px) 100vw, 421px\" \/><figcaption><strong>Lernerfolg ist ein Zusammenspiel aus Wissensl\u00fccken aufarbeiten, Elternberatung, Lerncoaching und Lerntechniken.<\/strong><\/figcaption><\/figure><\/div>\n\n\n\n<p><a href=\"http:\/\/die-mobile-nachhilfe.ch\/?page_id=37\">Konditionen\/Preise<\/a> &nbsp; &nbsp; &nbsp; &nbsp; &nbsp; &nbsp; &nbsp;<a href=\"http:\/\/die-mobile-nachhilfe.ch\/?page_id=402\">Kontakt<\/a><\/p>\n\n\n\n<p style=\"font-size:18px\">Hat Ihr Kind Schwierigkeiten die Br\u00fcche zu verstehen? Hat Ihr Kind eine Wissensl\u00fccke durch Lehrerwechsel, Krankheit, Durchh\u00e4nger oder aus anderen Gr\u00fcnden?<\/p>\n\n\n\n<p style=\"font-size:18px\">Dank meiner\u00a0Ausbildung als Primarlehrerin und meiner langj\u00e4hrigen Berufserfahrung  biete ich Ihnen ein professionelles, effizientes und effektives Aufarbeiten des verpassten oder nicht verstandenen Lernstoffes. <\/p>\n\n\n\n<figure class=\"wp-block-image is-resized\"><img loading=\"lazy\" decoding=\"async\" src=\"https:\/\/die-mobile-nachhilfe.ch\/wp-content\/uploads\/2019\/11\/shutterstock_557070520-1024x683.jpg\" alt=\"\" class=\"wp-image-881\" width=\"421\" height=\"280\" srcset=\"https:\/\/die-mobile-nachhilfe.ch\/wp-content\/uploads\/2019\/11\/shutterstock_557070520-1024x683.jpg 1024w, https:\/\/die-mobile-nachhilfe.ch\/wp-content\/uploads\/2019\/11\/shutterstock_557070520-300x200.jpg 300w, https:\/\/die-mobile-nachhilfe.ch\/wp-content\/uploads\/2019\/11\/shutterstock_557070520-768x512.jpg 768w, https:\/\/die-mobile-nachhilfe.ch\/wp-content\/uploads\/2019\/11\/shutterstock_557070520-624x416.jpg 624w\" sizes=\"auto, (max-width: 421px) 100vw, 421px\" \/><\/figure>\n\n\n\n<p style=\"font-size:18px\">Mit Ihrem Kind werde ich neue Lernwege und neue Zug\u00e4nge zu problematischem Lernstoff suchen, damit eine neue, positivere Verkn\u00fcpfung stattfinden kann. Mein Anspruch ist es individuell auf Ihr Kind und seine Schwierigkeiten\/Unklarheiten&nbsp;einzugehen und die besten Lernmedien, -unterlagen und -\u00fcbungen aus diversen Lehrmitteln zusammen zu stellen, welche Ihrem Kind helfen ein Thema\/Fach besser zu verstehen, selbstbewusster und eigenst\u00e4ndiger und dadurch auch wieder erfolgreicher zu werden. Des Weiteren werde ich mit Ihrem Kind geeignete Lernstrategien, sowie Lernzeiten und Lernumgebung besprechen und optimieren. <\/p>\n\n\n\n<p style=\"font-size:18px\">Der Unterricht findet in pers\u00f6nlicher, vertrauensvoller 1:1-Situation&nbsp;sowie in&nbsp;motivierender Lernumgebung im modernen VW-Bus&nbsp;vor Ort statt.&nbsp;Damit Ihr Kind, sowie auch Sie, m\u00f6glichst wenig Zeit f\u00fcr den zus\u00e4tzlichen Unterricht aufwenden m\u00fcssen, komme ich mit dem VW-Bus in Ihr Dorf.<\/p>\n\n\n\n<p style=\"font-size:18px\">In meinem Unterricht kann&nbsp;neuer Lernstoff repetiert und vertieft,&nbsp;Wissensl\u00fccken aufgearbeitet,&nbsp;Lernblockaden gel\u00f6st,&nbsp;Selbstvertrauen aufgebaut sowie Lernstrategien kennen und angewendet werden.<\/p>\n\n\n\n<p style=\"font-size:18px\"> <\/p>\n","protected":false},"excerpt":{"rendered":"<p>Konditionen\/Preise &nbsp; &nbsp; &nbsp; &nbsp; &nbsp; &nbsp; &nbsp;Kontakt Hat Ihr Kind Schwierigkeiten die Br\u00fcche zu verstehen? Hat Ihr Kind eine Wissensl\u00fccke durch Lehrerwechsel, Krankheit, Durchh\u00e4nger oder aus anderen Gr\u00fcnden? Dank meiner\u00a0Ausbildung als Primarlehrerin und meiner langj\u00e4hrigen Berufserfahrung biete ich Ihnen ein professionelles, effizientes und effektives Aufarbeiten des verpassten oder nicht verstandenen Lernstoffes. Mit Ihrem Kind [&hellip;]<\/p>\n","protected":false},"author":1,"featured_media":0,"parent":0,"menu_order":0,"comment_status":"closed","ping_status":"closed","template":"","meta":{"footnotes":""},"class_list":["post-350","page","type-page","status-publish","hentry"],"_links":{"self":[{"href":"https:\/\/die-mobile-nachhilfe.ch\/index.php?rest_route=\/wp\/v2\/pages\/350","targetHints":{"allow":["GET"]}}],"collection":[{"href":"https:\/\/die-mobile-nachhilfe.ch\/index.php?rest_route=\/wp\/v2\/pages"}],"about":[{"href":"https:\/\/die-mobile-nachhilfe.ch\/index.php?rest_route=\/wp\/v2\/types\/page"}],"author":[{"embeddable":true,"href":"https:\/\/die-mobile-nachhilfe.ch\/index.php?rest_route=\/wp\/v2\/users\/1"}],"replies":[{"embeddable":true,"href":"https:\/\/die-mobile-nachhilfe.ch\/index.php?rest_route=%2Fwp%2Fv2%2Fcomments&post=350"}],"version-history":[{"count":29,"href":"https:\/\/die-mobile-nachhilfe.ch\/index.php?rest_route=\/wp\/v2\/pages\/350\/revisions"}],"predecessor-version":[{"id":1063,"href":"https:\/\/die-mobile-nachhilfe.ch\/index.php?rest_route=\/wp\/v2\/pages\/350\/revisions\/1063"}],"wp:attachment":[{"href":"https:\/\/die-mobile-nachhilfe.ch\/index.php?rest_route=%2Fwp%2Fv2%2Fmedia&parent=350"}],"curies":[{"name":"wp","href":"https:\/\/api.w.org\/{rel}","templated":true}]}}