{"id":333,"date":"2018-09-18T07:09:57","date_gmt":"2018-09-18T07:09:57","guid":{"rendered":"http:\/\/die-mobile-nachhilfe.ch\/?page_id=333"},"modified":"2020-09-06T20:05:24","modified_gmt":"2020-09-06T20:05:24","slug":"lerncoaching","status":"publish","type":"page","link":"https:\/\/die-mobile-nachhilfe.ch\/?page_id=333","title":{"rendered":"Das Lerncoaching im VW-Bus vor Ort"},"content":{"rendered":"\n<p><a href=\"http:\/\/die-mobile-nachhilfe.ch\/?page_id=37\">Konditionen\/Preise<\/a> &nbsp; &nbsp; &nbsp; &nbsp; &nbsp; &nbsp; &nbsp; &nbsp; &nbsp; &nbsp; &nbsp;<a href=\"http:\/\/die-mobile-nachhilfe.ch\/?page_id=402\"> Kontakt<\/a><\/p>\n\n\n\n<p style=\"font-size:18px\">Ist Ihr Kind mit dem Lernen \u00fcberfordert? Weiss es nicht, welche Lernstrategien ihm helfen oder wie es den umfangreichen Lernstoff z.B. in der Oberstufe oder im Gymnasium bew\u00e4ltigen soll? Braucht Ihr Kind Hilfe beim Lernen zu lernen?<\/p>\n\n\n\n<p style=\"font-size:18px\">Bei Lernproblemen, welche \u00fcber eine Wissensl\u00fccke oder ein Verst\u00e4ndnisproblem hinaus gehen, greift die klassische Nachhilfe meist nicht gen\u00fcgend. Kurzfristig kann sich das Kind allenfalls verbessern, bei neuen Themen werden die gewohnten Probleme aber wieder auftauchen.<\/p>\n\n\n\n<figure class=\"wp-block-image\"><img loading=\"lazy\" decoding=\"async\" width=\"1024\" height=\"673\" src=\"https:\/\/die-mobile-nachhilfe.ch\/wp-content\/uploads\/2019\/11\/Bild-Gl\u00fchbirne-shutterstock_372270265-1024x673.jpg\" alt=\"\" class=\"wp-image-878\" srcset=\"https:\/\/die-mobile-nachhilfe.ch\/wp-content\/uploads\/2019\/11\/Bild-Gl\u00fchbirne-shutterstock_372270265-1024x673.jpg 1024w, https:\/\/die-mobile-nachhilfe.ch\/wp-content\/uploads\/2019\/11\/Bild-Gl\u00fchbirne-shutterstock_372270265-300x197.jpg 300w, https:\/\/die-mobile-nachhilfe.ch\/wp-content\/uploads\/2019\/11\/Bild-Gl\u00fchbirne-shutterstock_372270265-768x505.jpg 768w, https:\/\/die-mobile-nachhilfe.ch\/wp-content\/uploads\/2019\/11\/Bild-Gl\u00fchbirne-shutterstock_372270265-624x410.jpg 624w\" sizes=\"auto, (max-width: 1024px) 100vw, 1024px\" \/><\/figure>\n\n\n\n<p style=\"font-size:18px\">Bei solchen Schwierigkeiten stehen folgende Fragen im Vordergrund:<\/p>\n\n\n\n<ul class=\"wp-block-list\"><li>Wie k\u00f6nnen Sie Ihrem Kind zu mehr pers\u00f6nlichen Erfolgen und damit auch wieder zu mehr Selbstvertrauen und mehr Lernmotivation verhelfen?<br><\/li><li>Welche Bedingungen k\u00f6nnte man z.B. bei den Hausaufgaben \u00e4ndern, damit Ihr Kind diese wieder ohne riesige Streitereien, grossen Aufwand Ihrerseits und m\u00f6glichst selbstst\u00e4ndig erledigen kann?<br><\/li><li>Wie kann Ihr Kind das Lernen besser planen, damit es effizienter ist, bessere Noten, aber auch mehr Freizeit hat?<br><\/li><li>Welche Lerntechniken sind sinnvoll?<\/li><\/ul>\n\n\n\n<div class=\"wp-block-media-text alignwide is-vertically-aligned-center\" style=\"grid-template-columns:38% auto\"><figure class=\"wp-block-media-text__media\"><img loading=\"lazy\" decoding=\"async\" width=\"1024\" height=\"683\" src=\"https:\/\/die-mobile-nachhilfe.ch\/wp-content\/uploads\/2019\/10\/Coaching-Elternberatung-Nachhilfe-1-1024x683.jpg\" alt=\"\" class=\"wp-image-837\" srcset=\"https:\/\/die-mobile-nachhilfe.ch\/wp-content\/uploads\/2019\/10\/Coaching-Elternberatung-Nachhilfe-1-1024x683.jpg 1024w, https:\/\/die-mobile-nachhilfe.ch\/wp-content\/uploads\/2019\/10\/Coaching-Elternberatung-Nachhilfe-1-300x200.jpg 300w, https:\/\/die-mobile-nachhilfe.ch\/wp-content\/uploads\/2019\/10\/Coaching-Elternberatung-Nachhilfe-1-768x512.jpg 768w, https:\/\/die-mobile-nachhilfe.ch\/wp-content\/uploads\/2019\/10\/Coaching-Elternberatung-Nachhilfe-1-624x416.jpg 624w\" sizes=\"auto, (max-width: 1024px) 100vw, 1024px\" \/><\/figure><div class=\"wp-block-media-text__content\">\n<p style=\"font-size:18px\">Je nach verpasstem Schulstoff oder Lernschwierigkeiten kann es hilfreich sein, das Kind zus\u00e4tzlich beim Aufarbeiten von Wissensl\u00fccken zu unterst\u00fctzen.<\/p>\n<\/div><\/div>\n\n\n\n<p><\/p>\n\n\n\n<p style=\"font-size:18px\">Gerne d\u00fcrfen Sie sich unverbindlich bei mir melden und wir besprechen, ob Ihnen und Ihrem Kind ein Lerncoaching helfen k\u00f6nnte. Die Lerncoaching-Stunden finden in meinem VW Bus in Ihrer N\u00e4he statt.&nbsp;F\u00fcr die Kinder eine motivierende Lernumgebung, f\u00fcr Sie eine Ersparnis an Weg und Zeit!<\/p>\n\n\n\n<p><\/p>\n","protected":false},"excerpt":{"rendered":"<p>Konditionen\/Preise &nbsp; &nbsp; &nbsp; &nbsp; &nbsp; &nbsp; &nbsp; &nbsp; &nbsp; &nbsp; &nbsp; Kontakt Ist Ihr Kind mit dem Lernen \u00fcberfordert? Weiss es nicht, welche Lernstrategien ihm helfen oder wie es den umfangreichen Lernstoff z.B. in der Oberstufe oder im Gymnasium bew\u00e4ltigen soll? Braucht Ihr Kind Hilfe beim Lernen zu lernen? Bei Lernproblemen, welche \u00fcber eine [&hellip;]<\/p>\n","protected":false},"author":1,"featured_media":0,"parent":0,"menu_order":0,"comment_status":"closed","ping_status":"closed","template":"","meta":{"footnotes":""},"class_list":["post-333","page","type-page","status-publish","hentry"],"_links":{"self":[{"href":"https:\/\/die-mobile-nachhilfe.ch\/index.php?rest_route=\/wp\/v2\/pages\/333","targetHints":{"allow":["GET"]}}],"collection":[{"href":"https:\/\/die-mobile-nachhilfe.ch\/index.php?rest_route=\/wp\/v2\/pages"}],"about":[{"href":"https:\/\/die-mobile-nachhilfe.ch\/index.php?rest_route=\/wp\/v2\/types\/page"}],"author":[{"embeddable":true,"href":"https:\/\/die-mobile-nachhilfe.ch\/index.php?rest_route=\/wp\/v2\/users\/1"}],"replies":[{"embeddable":true,"href":"https:\/\/die-mobile-nachhilfe.ch\/index.php?rest_route=%2Fwp%2Fv2%2Fcomments&post=333"}],"version-history":[{"count":26,"href":"https:\/\/die-mobile-nachhilfe.ch\/index.php?rest_route=\/wp\/v2\/pages\/333\/revisions"}],"predecessor-version":[{"id":1053,"href":"https:\/\/die-mobile-nachhilfe.ch\/index.php?rest_route=\/wp\/v2\/pages\/333\/revisions\/1053"}],"wp:attachment":[{"href":"https:\/\/die-mobile-nachhilfe.ch\/index.php?rest_route=%2Fwp%2Fv2%2Fmedia&parent=333"}],"curies":[{"name":"wp","href":"https:\/\/api.w.org\/{rel}","templated":true}]}}