{"id":314,"date":"2018-08-27T19:55:05","date_gmt":"2018-08-27T19:55:05","guid":{"rendered":"http:\/\/die-mobile-nachhilfe.ch\/?page_id=314"},"modified":"2024-05-26T09:58:20","modified_gmt":"2024-05-26T09:58:20","slug":"lebenslauf","status":"publish","type":"page","link":"https:\/\/die-mobile-nachhilfe.ch\/?page_id=314","title":{"rendered":"Qualifikationen"},"content":{"rendered":"<p><strong>Grundausbildungen:<\/strong><\/p>\n<ul>\n<li>Mathematisch-naturwissenschaftliches Gymnasium R\u00e4mib\u00fchl<\/li>\n<li>Primarlehrerausbildung ( Kanton Z\u00fcrich)<\/li>\n<\/ul>\n<p><strong>Relevante Weiterbildungen:<\/strong><\/p>\n<ul>\n<li>Elternberatung (Akademie f\u00fcr Lerncoaching von Fabian Grolimund und Stefanie Ritzler)<\/li>\n<li>Lerncoaching von Jugendlichen und Erwachsenen (Akademie f\u00fcr Lerncoaching von Fabian Grolimund und Stefanie Ritzler)<\/li>\n<li>Ausbildung zur Dyskalkulie-Therapeutin am Zentrum f\u00fcr Rechenschw\u00e4che in Basel 2019-2020<\/li>\n<li>CAS &#8222;F\u00f6rderung bei Rechenschw\u00e4che&#8220; an der HfH (Interkantonale Hochschule f\u00fcr Heilp\u00e4dagogik), Mai 2021 bis Mai 2022<\/li>\n<\/ul>\n<p><strong>Kurse:<\/strong><\/p>\n<ul>\n<li>Dyskalkulie-neue Forschungserkenntnisse und evidenzbasierte F\u00f6rderung, <br data-rich-text-line-break=\"true\" \/>Kursleitung: Dr. phil. Ursina McCaskey und PD Dr. sc. nat. Karin Kucian (Neurowissenschaftlerinnen am Zentrum MR-Forschung des Universit\u00e4ts-Kinderspitals Z\u00fcrich), sowie Marianne Fl\u00fcckiger B\u00f6sch, Dipl. Ergotherapeutin HF \/ Dozentin<\/li>\n<li>Lernen-Lernstrategien erfolgreich vermitteln (Akademie f\u00fcr Lerncoaching, Fabian Grolimund)<\/li>\n<li>Rechenschw\u00e4che erkennen (Z\u00fcrcher Arbeitsgemeinschaft f\u00fcr Weiterbildung der Lehrpersonen (ZAL))<\/li>\n<\/ul>\n<p><strong>Arbeitserfahrung:<\/strong><\/p>\n<ul>\n<li>Primarlehrerin seit \u00a02000, 1. bis 6. Klasse (Schwerpunkt in der Mittelstufe, Begleitung mehrerer \u00dcbertritte in die Oberstufe), sowie Stellvertretung als Heilp\u00e4dagogin<\/li>\n<li>Seit 2008 Pr\u00fcfungsexpertin f\u00fcr Gymiaufnahmepr\u00fcfung Langzeitgymnasium<\/li>\n<li>Von 2012 bis 2017 Leitung des offiziellen Gymivorbereitungskurses der Schule Wettswil<\/li>\n<li>2019 Elternvortrag zum Thema &#8222;Lernen&#8220; f\u00fcr die gesamte Elternschaft des Schulhauses Oberhausen in Opfikon-Glattbrugg<\/li>\n<li>Von 2023 bis 2024 Leitung des offiziellen Gymivorbereitungskurses der Schule Untermoos in Z\u00fcrich<\/li>\n<li>2024 Leitung des Kurses &#8222;Lernen und Lerntechniken&#8220; an der Schule Untermoos in Z\u00fcrich<\/li>\n<\/ul>\n<p>Ich lerne sehr gerne. Am meisten nat\u00fcrlich, wenn mich etwas fasziniert und interessiert wie das &#8222;Lernen zu lernen&#8220;! Und zwar aus p\u00e4dagogischer, neurobiologischer und psychologischer Sicht. &#8222;Lernen&#8220; ist ein riesiges Wissensgebiet mit ganz verschiedenen Ans\u00e4tzen, die sich teilweise erg\u00e4nzen und teilweise gegenseitig in Frage stellen. Ich picke mir die interessantesten Lernfelder heraus, sei es mit Weiterbildungen, Vorlesungen oder auch durch Lesen eigener Literatur. Durch meine jahrelange Arbeit als Primarlehrerin, als Lehrerin f\u00fcr den offiziellen Gymivorbereitungskurs in Wettswil, sowie als Nachhilfelehrerin\/Lerncoach kann ich die Theorien hinterfragen, anwenden, ausbauen oder auch wieder verwerfen. Deshalb w\u00e4chst mein Wissen und mein Verst\u00e4ndnis f\u00fcr die Zusammenh\u00e4nge und die Schwierigkeiten beim Lernen jeden Tag.<\/p>\n<p>Seit einigen Jahren biete ich nun Nachhilfeunterricht, Lerncoaching und Elternberatung an, weil es mir Spass macht nicht nur Wissen zu vermitteln, sondern die Kinder auch in ihrem Selbstvertrauen zu st\u00e4rken, ihre Selbstst\u00e4ndigkeit zu f\u00f6rdern, Tipps zum Lernen weiterzugeben und daran beteiligt zu sein, dass die Beziehung innerhalb der Familie nicht durch die Schule und das Lernen negativ \u00fcberschattet wird.<\/p>\n<p>Damit ich\u00a0Sie und Ihr Kind als Lehrerin und Lerncoach hilfreich beraten kann, achte ich auf wissenschaftlich fundierte und gleichzeitig praktische Hilfestellungen, die Sie direkt im Alltag umsetzen k\u00f6nnen.<\/p>\n\n\n<p><\/p>\n","protected":false},"excerpt":{"rendered":"<p>Grundausbildungen: Mathematisch-naturwissenschaftliches Gymnasium R\u00e4mib\u00fchl Primarlehrerausbildung ( Kanton Z\u00fcrich) Relevante Weiterbildungen: Elternberatung (Akademie f\u00fcr Lerncoaching von Fabian Grolimund und Stefanie Ritzler) Lerncoaching von Jugendlichen und Erwachsenen (Akademie f\u00fcr Lerncoaching von Fabian Grolimund und Stefanie Ritzler) Ausbildung zur Dyskalkulie-Therapeutin am Zentrum f\u00fcr Rechenschw\u00e4che in Basel 2019-2020 CAS &#8222;F\u00f6rderung bei Rechenschw\u00e4che&#8220; an der HfH (Interkantonale Hochschule f\u00fcr Heilp\u00e4dagogik), [&hellip;]<\/p>\n","protected":false},"author":1,"featured_media":0,"parent":9,"menu_order":0,"comment_status":"closed","ping_status":"closed","template":"","meta":{"footnotes":""},"class_list":["post-314","page","type-page","status-publish","hentry"],"_links":{"self":[{"href":"https:\/\/die-mobile-nachhilfe.ch\/index.php?rest_route=\/wp\/v2\/pages\/314","targetHints":{"allow":["GET"]}}],"collection":[{"href":"https:\/\/die-mobile-nachhilfe.ch\/index.php?rest_route=\/wp\/v2\/pages"}],"about":[{"href":"https:\/\/die-mobile-nachhilfe.ch\/index.php?rest_route=\/wp\/v2\/types\/page"}],"author":[{"embeddable":true,"href":"https:\/\/die-mobile-nachhilfe.ch\/index.php?rest_route=\/wp\/v2\/users\/1"}],"replies":[{"embeddable":true,"href":"https:\/\/die-mobile-nachhilfe.ch\/index.php?rest_route=%2Fwp%2Fv2%2Fcomments&post=314"}],"version-history":[{"count":23,"href":"https:\/\/die-mobile-nachhilfe.ch\/index.php?rest_route=\/wp\/v2\/pages\/314\/revisions"}],"predecessor-version":[{"id":1143,"href":"https:\/\/die-mobile-nachhilfe.ch\/index.php?rest_route=\/wp\/v2\/pages\/314\/revisions\/1143"}],"up":[{"embeddable":true,"href":"https:\/\/die-mobile-nachhilfe.ch\/index.php?rest_route=\/wp\/v2\/pages\/9"}],"wp:attachment":[{"href":"https:\/\/die-mobile-nachhilfe.ch\/index.php?rest_route=%2Fwp%2Fv2%2Fmedia&parent=314"}],"curies":[{"name":"wp","href":"https:\/\/api.w.org\/{rel}","templated":true}]}}