{"id":297,"date":"2018-08-27T18:54:44","date_gmt":"2018-08-27T18:54:44","guid":{"rendered":"http:\/\/die-mobile-nachhilfe.ch\/?page_id=297"},"modified":"2019-04-07T14:05:55","modified_gmt":"2019-04-07T14:05:55","slug":"elternberatung","status":"publish","type":"page","link":"https:\/\/die-mobile-nachhilfe.ch\/?page_id=297","title":{"rendered":"Die Elternberatung im VW-Bus vor Ort"},"content":{"rendered":"\n<div class=\"wp-block-image\"><figure class=\"alignright is-resized\"><img loading=\"lazy\" decoding=\"async\" src=\"https:\/\/die-mobile-nachhilfe.ch\/wp-content\/uploads\/2019\/04\/Coaching-Elternberatung-Nachhilfe-2-1024x683.jpg\" alt=\"\" class=\"wp-image-728\" width=\"454\" height=\"302\" srcset=\"https:\/\/die-mobile-nachhilfe.ch\/wp-content\/uploads\/2019\/04\/Coaching-Elternberatung-Nachhilfe-2-1024x683.jpg 1024w, https:\/\/die-mobile-nachhilfe.ch\/wp-content\/uploads\/2019\/04\/Coaching-Elternberatung-Nachhilfe-2-300x200.jpg 300w, https:\/\/die-mobile-nachhilfe.ch\/wp-content\/uploads\/2019\/04\/Coaching-Elternberatung-Nachhilfe-2-768x512.jpg 768w, https:\/\/die-mobile-nachhilfe.ch\/wp-content\/uploads\/2019\/04\/Coaching-Elternberatung-Nachhilfe-2-624x416.jpg 624w\" sizes=\"auto, (max-width: 454px) 100vw, 454px\" \/><figcaption><strong>Lernerfolg ist ein Zusammenspiel aus Nachhilfe, Elternberatung\/Lerncoaching und Lerntechniken<\/strong><\/figcaption><\/figure><\/div>\n\n\n<p><a href=\"http:\/\/die-mobile-nachhilfe.ch\/?page_id=37\">Konditionen\/Preise<\/a> \u00a0 \u00a0 \u00a0 \u00a0 \u00a0 \u00a0\u00a0<a href=\"http:\/\/die-mobile-nachhilfe.ch\/?page_id=402\">Kontakt<\/a><\/p>\n<p>F\u00fchrt das Thema Lernen oder Hausaufgaben erledigen zu Hause immer wieder zu Streitereien?<\/p>\n<p>Zeigt Ihr Kind wenig Motivation oder wenig Selbst\u00e4ndigkeit beim Erledigen der Hausaufgaben?<\/p>\n<p>Verliert Ihr Kind zusehend an Selbstvertrauen? Wollen Sie aus dieser Negativspirale heraus kommen, aber wissen nicht wie?<\/p>\n<p>Sie haben Fragen zu Schulthemen wie z.B. Schulentwicklung, Noten, Lehrplan 21, Zuteilung Oberstufe und Umstufung, schulischer Laufbahn , Hausaufgaben, neue Unterrichtsformen, altersdurchmischte Klassen etc., oder Sie m\u00f6chten sich einfach gerne mit jemandem ausserhalb der Schule beraten und besprechen?<\/p>\n<p>Dann freue ich mich, wenn Sie sich f\u00fcr eine Beratungsstunde bei mir melden. Auch f\u00fcr diese komme ich mit dem VW-Bus vor Ort.<\/p>\n<p>Falls Sie Ihr Kind beim Lernen, bei den Hausaufgaben oder auch beim Vorbereiten auf die Gymi-Pr\u00fcfung selber unterst\u00fctzen m\u00f6chten, aber nicht wissen, wie und wo Sie zu geeigneten Lehrmittel kommen oder wie Sie vorgehen sollen, berate ich Sie gerne. Nehmen Sie mit mir Kontakt auf und wir vereinbaren eine Elternberatungsstunde im VW-Bus in Ihrer N\u00e4he.<\/p>","protected":false},"excerpt":{"rendered":"<p>Konditionen\/Preise \u00a0 \u00a0 \u00a0 \u00a0 \u00a0 \u00a0\u00a0Kontakt F\u00fchrt das Thema Lernen oder Hausaufgaben erledigen zu Hause immer wieder zu Streitereien? Zeigt Ihr Kind wenig Motivation oder wenig Selbst\u00e4ndigkeit beim Erledigen der Hausaufgaben? Verliert Ihr Kind zusehend an Selbstvertrauen? Wollen Sie aus dieser Negativspirale heraus kommen, aber wissen nicht wie? Sie haben Fragen zu Schulthemen wie [&hellip;]<\/p>\n","protected":false},"author":1,"featured_media":0,"parent":0,"menu_order":0,"comment_status":"closed","ping_status":"closed","template":"","meta":{"footnotes":""},"class_list":["post-297","page","type-page","status-publish","hentry"],"_links":{"self":[{"href":"https:\/\/die-mobile-nachhilfe.ch\/index.php?rest_route=\/wp\/v2\/pages\/297","targetHints":{"allow":["GET"]}}],"collection":[{"href":"https:\/\/die-mobile-nachhilfe.ch\/index.php?rest_route=\/wp\/v2\/pages"}],"about":[{"href":"https:\/\/die-mobile-nachhilfe.ch\/index.php?rest_route=\/wp\/v2\/types\/page"}],"author":[{"embeddable":true,"href":"https:\/\/die-mobile-nachhilfe.ch\/index.php?rest_route=\/wp\/v2\/users\/1"}],"replies":[{"embeddable":true,"href":"https:\/\/die-mobile-nachhilfe.ch\/index.php?rest_route=%2Fwp%2Fv2%2Fcomments&post=297"}],"version-history":[{"count":18,"href":"https:\/\/die-mobile-nachhilfe.ch\/index.php?rest_route=\/wp\/v2\/pages\/297\/revisions"}],"predecessor-version":[{"id":738,"href":"https:\/\/die-mobile-nachhilfe.ch\/index.php?rest_route=\/wp\/v2\/pages\/297\/revisions\/738"}],"wp:attachment":[{"href":"https:\/\/die-mobile-nachhilfe.ch\/index.php?rest_route=%2Fwp%2Fv2%2Fmedia&parent=297"}],"curies":[{"name":"wp","href":"https:\/\/api.w.org\/{rel}","templated":true}]}}