{"id":180,"date":"2018-07-15T20:01:39","date_gmt":"2018-07-15T20:01:39","guid":{"rendered":"http:\/\/die-mobile-nachhilfe.ch\/?page_id=180"},"modified":"2019-04-21T15:44:29","modified_gmt":"2019-04-21T15:44:29","slug":"haeufige-fragen","status":"publish","type":"page","link":"https:\/\/die-mobile-nachhilfe.ch\/?page_id=180","title":{"rendered":"H\u00e4ufige Fragen"},"content":{"rendered":"<p><strong>Ist Nachhilfe sinnvoll?<\/strong><\/p>\n<p>Nachhilfe ist dann sinnvoll, wenn Ihr Kind eine Wissensl\u00fccke\/einen Wissensr\u00fcckstand hat oder wenn Ihr Kind in einem Thema Defizite hat (z.B. wenn das Thema zu kurz behandelt wurde oder f\u00fcr Ihr Kind die Erkl\u00e4rungen zu wenig verst\u00e4ndlich waren). Lernunterst\u00fctzung macht auch Sinn als Vorbereitung auf eine komplexere Pr\u00fcfung wie z.B. die Gymi-Aufnahmepr\u00fcfung. Falls Ihr Kind Selbstzweifel hat (z.B. durch einige Misserfolge), kann Nachhilfe zusammen mit einem Lerncoaching sehr n\u00fctzlich sein, damit das Kind wieder Vertrauen in seine F\u00e4higkeiten fasst und merkt, dass Lernen etwas bringt, wenn geeignete Lernstrategien angewendet werden. Wichtig ist aber v.a. auch, dass die Eltern miteinbezogen werden und wissen wie sie zu Hause Ihr Kind optimal unterst\u00fctzen k\u00f6nnen.<\/p>\n<p><strong>Was versteht man unter &#8222;Lerncoaching&#8220;?<\/strong><\/p>\n<div id=\"cc-m-13199335125\" class=\"j-module n j-text \">\n<p>Lerncoaching ist im Gegensatz zur Nachhilfe lernstoffunabh\u00e4ngig. Es schafft die Voraussetzungen f\u00fcr eigenst\u00e4ndiges und effektives Lernen. Durch das Lerncoaching findet eine Optimierung der eigenen Lernkompetenz statt. Das Coaching bietet unter anderem Unterst\u00fctzung bei der Lernorganisation, bei Lernblockaden, Konzentrationsschwierigkeiten, Lernschwierigkeiten und Pr\u00fcfungsangst. Neue Lerntechniken werden gelernt sowie ein Lernplan erstellt. Ein Coaching kann auch mit den Eltern stattfinden, damit diese wissen, wie sie ihr Kind optimal unterst\u00fctzen k\u00f6nnen, wie sie Streitereien rund um die Hausaufgaben oder beim Lernen vermeiden k\u00f6nnen und wie sie bei Lern- oder Motivationsschwierigkeiten reagieren k\u00f6nnen.<\/p>\n<\/div>\n<p><strong>Selbstwirksamkeit bei Sch\u00fcler\/innen f\u00f6rdern: Ein Film von Fabian Grolimund \u201emit-Kindern-lernen\u201c<\/strong><\/p>\n<p><iframe loading=\"lazy\" title=\"Ich kann das nicht! Selbstwirksamkeit bei Sch\u00fcler\/innen f\u00f6rdern\" width=\"625\" height=\"352\" src=\"https:\/\/www.youtube.com\/embed\/jk0PUtuAyqk?feature=oembed\" frameborder=\"0\" allow=\"accelerometer; autoplay; clipboard-write; encrypted-media; gyroscope; picture-in-picture; web-share\" referrerpolicy=\"strict-origin-when-cross-origin\" allowfullscreen><\/iframe><\/p>\n<p><strong>Wie oft und wie lange sollte mein Kind in die Nachhilfe bzw. in das Lerncoaching?<\/strong><\/p>\n<p>Da die Kinder mit den normalen Schulstunden und den Hausaufgaben bereits ein sehr grosses Pensum absolvieren, sollte eine externe Unterst\u00fctzung so kurz wie m\u00f6glich gehalten werden. Erfahrungsgem\u00e4ss gen\u00fcgen im privaten und zielorientierten Nachhilfe-Unterricht bzw. Lerncoaching etwa 3 bis 8 Lektionen. Bei Lerndefiziten, aber auch um neue Lerntechniken zu lernen, braucht Ihr Kind weitere \u00dcbungseinheiten zu Hause. Damit Sie Ihr Kind optimal unterst\u00fctzen k\u00f6nnen, werde ich mit Ihnen zusammen effiziente Strategien erarbeiten, welche Sie zu Hause anwenden k\u00f6nnen.<\/p>\n<p><strong>Was ist, falls sich mein Kind im VW-Bus nicht konzentrieren kann?<\/strong><\/p>\n<p>Falls ich merke, dass sich ein Kind im VW-Bus, auch an einem ruhigen Standort, nicht konzentrieren kann, besteht immer die M\u00f6glichkeit den Unterricht bei mir zu Hause durchzuf\u00fchren. Auf jeden Fall kontaktiere ich Sie so rasch als m\u00f6glich und gemeinsam finden wir sicher eine optimale L\u00f6sung.<\/p>\n<p><strong>Weshalb hat mein Kind in einem Schulfach Schwierigkeiten?<\/strong><\/p>\n<p>Das ist sehr individuell. Den folgenden Ursachen bin ich pers\u00f6nlich schon begegnet:<br \/>\nVielleicht hat Ihr Kind durch Misserfolge die Motivation f\u00fcrs Lernen bzw. f\u00fcr das entsprechende Schulfach verloren und die Haltung entwickelt &#8218;das kann ich sowieso nicht&#8216;. Es kann aber auch sein, dass Ihr Kind viele Lehrerwechsel hatte und sich deshalb nicht mehr in gleicher Weise auf den Unterricht konzentrieren kann oder \u00fcberfordert ist, mit den unterschiedlichen Unterrichtsarten\/Unterrichtsformen. Dann gibt es auch Kinder, die einfach etwas l\u00e4nger brauchen um ein neues Thema zu verstehen, v.a. oft auch, wenn z.B. die Mathematik komplexer wird wie z.B. beim Bruchrechnen, Dezimalrechnen, Textaufgaben oder auch bei der Proportionalit\u00e4t. Oder das Automatisieren wird forciert, bevor die Zusammenh\u00e4nge f\u00fcr das Kind klar geworden sind. Es kann auch sein, dass Ihr Kind Angst vor Fehlern hat und deshalb sich (oft auch unbewusst) verweigert (nicht mehr mitdenkt\/mitmacht im Unterricht). Dann gibt es nat\u00fcrlich auch Kinder, welche keine geeigneten Lernstrategien haben und sich deshalb kaum verbessern, trotz dem Lernen. Gerne versuche ich mit Ihnen und Ihrem Kind raus zu finden, wo die pers\u00f6nlichen Schwierigkeiten sind, um diese gemeinsam zu l\u00f6sen.<\/p>\n","protected":false},"excerpt":{"rendered":"<p>Ist Nachhilfe sinnvoll? Nachhilfe ist dann sinnvoll, wenn Ihr Kind eine Wissensl\u00fccke\/einen Wissensr\u00fcckstand hat oder wenn Ihr Kind in einem Thema Defizite hat (z.B. wenn das Thema zu kurz behandelt wurde oder f\u00fcr Ihr Kind die Erkl\u00e4rungen zu wenig verst\u00e4ndlich waren). Lernunterst\u00fctzung macht auch Sinn als Vorbereitung auf eine komplexere Pr\u00fcfung wie z.B. die Gymi-Aufnahmepr\u00fcfung. [&hellip;]<\/p>\n","protected":false},"author":1,"featured_media":0,"parent":0,"menu_order":0,"comment_status":"closed","ping_status":"closed","template":"","meta":{"footnotes":""},"class_list":["post-180","page","type-page","status-publish","hentry"],"_links":{"self":[{"href":"https:\/\/die-mobile-nachhilfe.ch\/index.php?rest_route=\/wp\/v2\/pages\/180","targetHints":{"allow":["GET"]}}],"collection":[{"href":"https:\/\/die-mobile-nachhilfe.ch\/index.php?rest_route=\/wp\/v2\/pages"}],"about":[{"href":"https:\/\/die-mobile-nachhilfe.ch\/index.php?rest_route=\/wp\/v2\/types\/page"}],"author":[{"embeddable":true,"href":"https:\/\/die-mobile-nachhilfe.ch\/index.php?rest_route=\/wp\/v2\/users\/1"}],"replies":[{"embeddable":true,"href":"https:\/\/die-mobile-nachhilfe.ch\/index.php?rest_route=%2Fwp%2Fv2%2Fcomments&post=180"}],"version-history":[{"count":27,"href":"https:\/\/die-mobile-nachhilfe.ch\/index.php?rest_route=\/wp\/v2\/pages\/180\/revisions"}],"predecessor-version":[{"id":752,"href":"https:\/\/die-mobile-nachhilfe.ch\/index.php?rest_route=\/wp\/v2\/pages\/180\/revisions\/752"}],"wp:attachment":[{"href":"https:\/\/die-mobile-nachhilfe.ch\/index.php?rest_route=%2Fwp%2Fv2%2Fmedia&parent=180"}],"curies":[{"name":"wp","href":"https:\/\/api.w.org\/{rel}","templated":true}]}}